{"id":443,"date":"2024-05-09T13:33:31","date_gmt":"2024-05-09T11:33:31","guid":{"rendered":"https:\/\/snm-online.sk\/?page_id=443"},"modified":"2024-07-22T15:56:37","modified_gmt":"2024-07-22T13:56:37","slug":"reklamacie","status":"publish","type":"page","link":"https:\/\/snm-online.sk\/en\/reklamacie\/","title":{"rendered":"Submit a complaint"},"content":{"rendered":"<div data-wp-interactive=\"core\/file\" class=\"wp-block-file\"><object data-wp-bind--hidden=\"!state.hasPdfPreview\" hidden class=\"wp-block-file__embed\" data=\"https:\/\/snm-online.sk\/wp-content\/uploads\/2024\/07\/VOP_SNM_03_2024-Reklamacny-poriadok.pdf\" type=\"application\/pdf\" style=\"width:100%;height:1190px\" aria-label=\"Embed of VOP_SNM_03_2024 Reklama\u010dn\u00fd poriadok.\"><\/object><a id=\"wp-block-file--media-e81fc52d-511b-4d43-8ba8-c2660435648a\" href=\"https:\/\/snm-online.sk\/wp-content\/uploads\/2024\/07\/VOP_SNM_03_2024-Reklamacny-poriadok.pdf\">VOP_SNM_03_2024 Reklama\u010dn\u00fd poriadok<\/a><a href=\"https:\/\/snm-online.sk\/wp-content\/uploads\/2024\/07\/VOP_SNM_03_2024-Reklamacny-poriadok.pdf\" class=\"wp-block-file__button wp-element-button\" download aria-describedby=\"wp-block-file--media-e81fc52d-511b-4d43-8ba8-c2660435648a\">Download<\/a><\/div>\n\n\n\n<div style=\"height:100px\" aria-hidden=\"true\" class=\"wp-block-spacer\"><\/div>\n\n\n\n<h6 class=\"wp-block-heading has-text-align-center\">If you have any questions about online tickets, please contact us at <a href=\"mailto:pomoc@snm-online.sk\">pomoc@snm-online.sk<\/a><\/h6>\n\n\n\n<div style=\"height:100px\" aria-hidden=\"true\" class=\"wp-block-spacer\"><\/div>","protected":false},"excerpt":{"rendered":"<p>V pr\u00edpade ot\u00e1zok t\u00fdkaj\u00facich sa online n\u00e1kupu vstupeniek n\u00e1s kontaktujte na email pomoc@snm-online.sk<\/p>","protected":false},"author":2,"featured_media":0,"parent":0,"menu_order":0,"comment_status":"closed","ping_status":"closed","template":"","meta":{"_eb_attr":"","neve_meta_sidebar":"","neve_meta_container":"","neve_meta_enable_content_width":"","neve_meta_content_width":0,"neve_meta_title_alignment":"","neve_meta_author_avatar":"","neve_post_elements_order":"","neve_meta_disable_header":"","neve_meta_disable_footer":"","neve_meta_disable_title":"","_themeisle_gutenberg_block_has_review":false,"footnotes":""},"class_list":["post-443","page","type-page","status-publish","hentry"],"_links":{"self":[{"href":"https:\/\/snm-online.sk\/en\/wp-json\/wp\/v2\/pages\/443","targetHints":{"allow":["GET"]}}],"collection":[{"href":"https:\/\/snm-online.sk\/en\/wp-json\/wp\/v2\/pages"}],"about":[{"href":"https:\/\/snm-online.sk\/en\/wp-json\/wp\/v2\/types\/page"}],"author":[{"embeddable":true,"href":"https:\/\/snm-online.sk\/en\/wp-json\/wp\/v2\/users\/2"}],"replies":[{"embeddable":true,"href":"https:\/\/snm-online.sk\/en\/wp-json\/wp\/v2\/comments?post=443"}],"version-history":[{"count":10,"href":"https:\/\/snm-online.sk\/en\/wp-json\/wp\/v2\/pages\/443\/revisions"}],"predecessor-version":[{"id":1209,"href":"https:\/\/snm-online.sk\/en\/wp-json\/wp\/v2\/pages\/443\/revisions\/1209"}],"wp:attachment":[{"href":"https:\/\/snm-online.sk\/en\/wp-json\/wp\/v2\/media?parent=443"}],"curies":[{"name":"wp","href":"https:\/\/api.w.org\/{rel}","templated":true}]}}