{"id":4454,"date":"2025-09-04T09:10:32","date_gmt":"2025-09-04T07:10:32","guid":{"rendered":"https:\/\/snm-online.sk\/?page_id=4454"},"modified":"2025-09-04T09:11:40","modified_gmt":"2025-09-04T07:11:40","slug":"slovenska-angelika-prizrak-alzirskeho-deja","status":"publish","type":"page","link":"https:\/\/snm-online.sk\/en\/slovenska-angelika-prizrak-alzirskeho-deja\/","title":{"rendered":"&#8222;SLOVENSK\u00c1 ANGELIKA&#8220; &#8211; Pr\u00edzrak al\u017e\u00edrskeho deja"},"content":{"rendered":"<h3 class=\"wp-block-heading\">Cyklus &#8222;Za oponou dej\u00edn&#8220;\u00a0 <\/h3>\n\n\n\n<div id=\"wp-block-themeisle-blocks-advanced-columns-e642f010\" class=\"wp-block-themeisle-blocks-advanced-columns has-1-columns has-desktop-equal-layout has-tablet-equal-layout has-mobile-equal-layout has-vertical-unset\"><div class=\"wp-block-themeisle-blocks-advanced-columns-overlay\"><\/div><div class=\"innerblocks-wrap\">\n<div id=\"wp-block-themeisle-blocks-advanced-column-74e83b0e\" class=\"wp-block-themeisle-blocks-advanced-column\">\n<figure class=\"wp-block-image size-full is-resized has-custom-border\" id=\"wp-block-themeisle-blocks-image-79be8b33\"><img loading=\"lazy\" decoding=\"async\" width=\"1920\" height=\"700\" src=\"https:\/\/snm-online.sk\/wp-content\/uploads\/2025\/09\/banner-Slovenska-Angelika-II.png\" alt=\"\" class=\"wp-image-4455\" style=\"border-radius:6px;width:1170px;height:auto\" srcset=\"https:\/\/snm-online.sk\/wp-content\/uploads\/2025\/09\/banner-Slovenska-Angelika-II.png 1920w, https:\/\/snm-online.sk\/wp-content\/uploads\/2025\/09\/banner-Slovenska-Angelika-II-300x109.png 300w, https:\/\/snm-online.sk\/wp-content\/uploads\/2025\/09\/banner-Slovenska-Angelika-II-1024x373.png 1024w, https:\/\/snm-online.sk\/wp-content\/uploads\/2025\/09\/banner-Slovenska-Angelika-II-768x280.png 768w, https:\/\/snm-online.sk\/wp-content\/uploads\/2025\/09\/banner-Slovenska-Angelika-II-1536x560.png 1536w\" sizes=\"auto, (max-width: 1920px) 100vw, 1920px\" \/><\/figure>\n\n\n\n<div style=\"height:20px\" aria-hidden=\"true\" class=\"wp-block-spacer\"><\/div>\n\n\n\n<p><strong>Please choose from the listed dates:<\/strong><\/p>\n\n\n\r\n<section class=\"mb-4\">\r\n    <nav class=\"wper-days\">\r\n        \r\n            <\/nav>\r\n\r\n    \r\n    <ul id=\"wperItems\" class=\"wper-list\">\r\n        Sorry, this date is not available.    <\/ul>\r\n<\/section>\r\n\r\n<div class=\"wper-modal\">\r\n    <div class=\"wper-modal__inner\">\r\n        <div class=\"wper-modal__header\">\r\n            <button type=\"button\" class=\"wper-modal__close js-wper-close-modal\">\r\n                <svg width=\"16\" height=\"16\" viewbox=\"0 0 16 16\" fill=\"none\" class=\"svg\" xmlns=\"http:\/\/www.w3.org\/2000\/svg\"><path d=\"M16 7H3.83L9.42 1.41L8 0L0 8L8 16L9.41 14.59L3.83 9H16V7Z\" fill=\"currentColor\"\/><\/svg> <span>Continue shopping<\/span>\r\n            <\/button>\r\n        <\/div>\r\n\r\n        <iframe src=\"\" frameborder=\"0\" class=\"wper-modal__iframe\"><\/iframe>\r\n    <\/div>\r\n<\/div>\r\n\r\n<div class=\"wper-note\">\r\n    <div class=\"wper-note__inner\">\r\n        <div id=\"wperNoteRetail\" class=\"wper-note__content\">\r\n            <h5 class=\"wper-note__title\">Last tickets available only at the museum ticket office.<\/h5>\r\n\r\n            <p>We are sorry, but due to high interest, all tickets reserved for online sales are sold out.<\/p>\r\n\r\n            <p>Last few tickets are available at the castle ticket office. We recommend you visit the ticket office as soon as possible, as tickets sell out quickly.<\/p>\r\n        <\/div>\r\n\r\n        <div id=\"wperNoteSold\" class=\"wper-note__content\">\r\n            <h5 class=\"wper-note__title\">Tickets for this time slot are sold out.<\/h5>\r\n\r\n            <p>We are sorry, but due to high interest, all tickets for this tour are sold out. No tickets are available for this time slot at the castle ticket office either.<\/p>\r\n\r\n            <p>Please try to select another time slot within the day or consider visiting on a different day. We recommend monitoring our website for availability of tickets for individual tours and events.<\/p>\r\n\r\n            <p>Given the high attendance, we advise purchasing tickets well in advance online.<\/p>\r\n        <\/div>\r\n\r\n        <div class=\"wper-note__actions\">\r\n            <button type=\"submit\" class=\"wper-note__close js-wper-close-note\">Got it<\/button>\r\n        <\/div>\r\n    <\/div>\r\n<\/div>\r\n\n\n\n\n<p>V\u00a0druhej \u010dasti n\u00e1\u0161ho rozpr\u00e1vania, in\u0161pirovan\u00e9ho pr\u00edbehmi Angeliky de Sanc\u00e9 de Monteloup, mark\u00edzy du Plessis-Belli\u00e8re a\u00a0jej skuto\u010dn\u00fdch historick\u00fdch s\u00fa\u010dasn\u00edkov, sa bli\u017e\u0161ie pozrieme na man\u017eelstvo a rodinu hrdinu od Nov\u00fdch Z\u00e1mkov, princa de Bourbon \u2013 Conti, ktor\u00e9ho sme spoznali v\u00a0prvej \u010dasti,\u00a0 &#8211; jeho celo\u017eivotn\u00e9 peripetie s\u00a0<em>Kr\u00e1\u013eom Slnkom<\/em> a\u00a0\u00fa\u010das\u0165 vo vojne Augsburskej ligy, ktor\u00fa spoznal ako prost\u00fd dobrovo\u013en\u00edk i\u00a0gener\u00e1l franc\u00fazskej arm\u00e1dy a\u00a0aj v\u010faka nej sa stal hrdinom a\u00a0 mil\u00e1\u010dikom franc\u00fazskych d\u00e1m i\u00a0prost\u00fdch \u017eien z\u00a0ni\u017e\u0161\u00edch vrstiev, snahy \u013dudov\u00edta XIV. posadi\u0165 ho na po\u013esk\u00fd tr\u00f3n a\u00a0ak\u00e9 to mohlo ma\u0165 n\u00e1sledky pre Habsbursk\u00fa r\u00ed\u0161u a\u00a0Uhorsko. <\/p>\n\n\n\n<p>Prenesieme kus exotick\u00e9ho Stredomoria na nemenej exotick\u00fd osmansk\u00fd Balk\u00e1n konca 17. storo\u010dia., kde bola v\u00a0plnom pr\u00fade Ve\u013ek\u00e1 oslobodzovacia vojna* (1683 \u2013 1699), pri\u010dom\u00a0do jej priebehu zasiahli aj postavy z\u00a0rom\u00e1nov Anne a\u00a0Serge Golonovcov, ktor\u00e9 by sme na kr\u00e1snom modrom Dunaji pri zbe\u017enom poznan\u00ed dej\u00edn rozhodne ne\u010dakali. V\u00a0\u010fal\u0161ej, rovnocennej l\u00ednii dne\u0161nej kapitoly bude stredobodom pozornosti romantick\u00e1 a\u00a0s\u00fa\u010dasne pravdiv\u00e1 hist\u00f3ria l\u00e1skypln\u00e9ho vz\u0165ahu uhorsk\u00e9ho Joffreya de Peyrac a\u00a0jeho Angeliky \u2013 Heleny Zr\u00ednskej a\u00a0Imricha Th\u0151k\u0151lyho. Osudy princa de Conti a\u00a0\u010fal\u0161\u00edch hrdinov sa po nieko\u013ek\u00fdch rokoch od dobytia novoz\u00e1mockej pevnosti op\u00e4\u0165 zaplet\u00fa a\u00a0viacer\u00ed z\u00a0nich sa ocitn\u00fa na opa\u010dnej strane barik\u00e1dy. To v\u0161etko sa\u00a0 premie\u0161a s\u00a0rom\u00e1nov\u00fdmi pr\u00edbehmi M\u00f3ra J\u00f3kaia, Sama Tom\u00e1\u0161ika a\u00a0dejepisn\u00fdmi v\u00fdkladmi J\u00e1na Rezika, \u0160tefana Nikolaja H\u00fdro\u0161a, J\u00e1na Oberu\u010da i\u00a0Bela Kleina \u2013 Tesnoskalsk\u00e9ho. <\/p>\n\n\n\n<p>Svet je mal\u00fd a\u00a0dejiny ho robia e\u0161te men\u0161\u00edm. A\u00a0tak mo\u017eno po\u013eahky spoji\u0165 do jedn\u00e9ho klbka dobrodru\u017en\u00fdch a\u00a0nap\u00ednav\u00fdch udalost\u00ed korz\u00e1rsky Al\u017e\u00edr i\u00a0Dunaj srbsk\u00fdch \u010dajk\u00e1rov, malebn\u00e9 Slovensko i\u00a0tajomn\u00e9 Sedmohradsko, pestrofarebn\u00fd Balk\u00e1n i\u00a0\u010darovn\u00e9 z\u00e1livy Marmarsk\u00e9ho mora &#8230; Na jeho konci mo\u017eno n\u00e1jdete in\u0161pir\u00e1ciu na v\u00fdlet do n\u00e1dhern\u00e9ho okolia tureck\u00e9ho Istanbulu, ktor\u00fa V\u00e1m cestovn\u00e9 kancel\u00e1rie be\u017ene nepon\u00fakaj\u00fa &#8230;<\/p>\n\n\n\n<p><strong>Druh\u00e1 \u010das\u0165 s\u00a0podtitulom Pr\u00edzrak al\u017e\u00edrskeho deja \u00a0je pre V\u00e1s pripraven\u00e1 d\u0148a 26. septembra 2025 o\u00a017:00 v\u00a0historickej kni\u017enici\u00a0ka\u0161tie\u013ea Betliar.<\/strong> <\/p>\n\n\n\n<p>The SNM \u2013 Betliar Museum looks forward to your visit<\/p>\n\n\n\n<div style=\"height:50px\" aria-hidden=\"true\" class=\"wp-block-spacer\"><\/div>\n\n\n\n<p><strong>If you have any questions about online tickets, please contact us at\u00a0<a href=\"mailto:pomoc@snm-online.sk\">pomoc@snm-online.sk<\/a><\/strong><\/p>\n<\/div>\n<\/div><\/div>\n\n\n\n<div style=\"height:100px\" aria-hidden=\"true\" class=\"wp-block-spacer\"><\/div>\n\n\n\n<p><\/p>","protected":false},"excerpt":{"rendered":"<p>Cyklus &#8222;Za oponou dej\u00edn&#8220;\u00a0<\/p>","protected":false},"author":2,"featured_media":0,"parent":0,"menu_order":0,"comment_status":"closed","ping_status":"closed","template":"","meta":{"_eb_attr":"","neve_meta_sidebar":"","neve_meta_container":"","neve_meta_enable_content_width":"","neve_meta_content_width":0,"neve_meta_title_alignment":"","neve_meta_author_avatar":"","neve_post_elements_order":"","neve_meta_disable_header":"","neve_meta_disable_footer":"","neve_meta_disable_title":"","_themeisle_gutenberg_block_has_review":false,"footnotes":""},"class_list":["post-4454","page","type-page","status-publish","hentry"],"_links":{"self":[{"href":"https:\/\/snm-online.sk\/en\/wp-json\/wp\/v2\/pages\/4454","targetHints":{"allow":["GET"]}}],"collection":[{"href":"https:\/\/snm-online.sk\/en\/wp-json\/wp\/v2\/pages"}],"about":[{"href":"https:\/\/snm-online.sk\/en\/wp-json\/wp\/v2\/types\/page"}],"author":[{"embeddable":true,"href":"https:\/\/snm-online.sk\/en\/wp-json\/wp\/v2\/users\/2"}],"replies":[{"embeddable":true,"href":"https:\/\/snm-online.sk\/en\/wp-json\/wp\/v2\/comments?post=4454"}],"version-history":[{"count":5,"href":"https:\/\/snm-online.sk\/en\/wp-json\/wp\/v2\/pages\/4454\/revisions"}],"predecessor-version":[{"id":4461,"href":"https:\/\/snm-online.sk\/en\/wp-json\/wp\/v2\/pages\/4454\/revisions\/4461"}],"wp:attachment":[{"href":"https:\/\/snm-online.sk\/en\/wp-json\/wp\/v2\/media?parent=4454"}],"curies":[{"name":"wp","href":"https:\/\/api.w.org\/{rel}","templated":true}]}}