{"id":4502,"date":"2025-09-10T17:34:49","date_gmt":"2025-09-10T15:34:49","guid":{"rendered":"https:\/\/snm-online.sk\/?page_id=4502"},"modified":"2025-09-10T17:40:09","modified_gmt":"2025-09-10T15:40:09","slug":"marie-antoinette-harfovy-recital-elisabeth-plank","status":"publish","type":"page","link":"https:\/\/snm-online.sk\/en\/marie-antoinette-harfovy-recital-elisabeth-plank\/","title":{"rendered":"Marie Antoinette:\u00a0Harfov\u00fd recit\u00e1l Elisabeth Plank"},"content":{"rendered":"<div id=\"wp-block-themeisle-blocks-advanced-columns-6c28da55\" class=\"wp-block-themeisle-blocks-advanced-columns has-1-columns has-desktop-equal-layout has-tablet-equal-layout has-mobile-equal-layout has-vertical-unset\"><div class=\"wp-block-themeisle-blocks-advanced-columns-overlay\"><\/div><div class=\"innerblocks-wrap\">\n<div id=\"wp-block-themeisle-blocks-advanced-column-628e3b30\" class=\"wp-block-themeisle-blocks-advanced-column\">\n<figure class=\"wp-block-image size-full\"><img loading=\"lazy\" decoding=\"async\" width=\"1920\" height=\"700\" src=\"https:\/\/snm-online.sk\/wp-content\/uploads\/2025\/09\/harfa.jpg\" alt=\"\" class=\"wp-image-4503\" srcset=\"https:\/\/snm-online.sk\/wp-content\/uploads\/2025\/09\/harfa.jpg 1920w, https:\/\/snm-online.sk\/wp-content\/uploads\/2025\/09\/harfa-300x109.jpg 300w, https:\/\/snm-online.sk\/wp-content\/uploads\/2025\/09\/harfa-1024x373.jpg 1024w, https:\/\/snm-online.sk\/wp-content\/uploads\/2025\/09\/harfa-768x280.jpg 768w, https:\/\/snm-online.sk\/wp-content\/uploads\/2025\/09\/harfa-1536x560.jpg 1536w\" sizes=\"auto, (max-width: 1920px) 100vw, 1920px\" \/><\/figure>\n\n\n\n<div style=\"height:20px\" aria-hidden=\"true\" class=\"wp-block-spacer\"><\/div>\n<\/div>\n<\/div><\/div>\n\n\n\r\n<section class=\"mb-4\">\r\n    <nav class=\"wper-days\">\r\n        \r\n            <\/nav>\r\n\r\n    \r\n    <ul id=\"wperItems\" class=\"wper-list\">\r\n        Sorry, this date is not available.    <\/ul>\r\n<\/section>\r\n\r\n<div class=\"wper-modal\">\r\n    <div class=\"wper-modal__inner\">\r\n        <div class=\"wper-modal__header\">\r\n            <button type=\"button\" class=\"wper-modal__close js-wper-close-modal\">\r\n                <svg width=\"16\" height=\"16\" viewbox=\"0 0 16 16\" fill=\"none\" class=\"svg\" xmlns=\"http:\/\/www.w3.org\/2000\/svg\"><path d=\"M16 7H3.83L9.42 1.41L8 0L0 8L8 16L9.41 14.59L3.83 9H16V7Z\" fill=\"currentColor\"\/><\/svg> <span>Continue shopping<\/span>\r\n            <\/button>\r\n        <\/div>\r\n\r\n        <iframe src=\"\" frameborder=\"0\" class=\"wper-modal__iframe\"><\/iframe>\r\n    <\/div>\r\n<\/div>\r\n\r\n<div class=\"wper-note\">\r\n    <div class=\"wper-note__inner\">\r\n        <div id=\"wperNoteRetail\" class=\"wper-note__content\">\r\n            <h5 class=\"wper-note__title\">Last tickets available only at the museum ticket office.<\/h5>\r\n\r\n            <p>We are sorry, but due to high interest, all tickets reserved for online sales are sold out.<\/p>\r\n\r\n            <p>Last few tickets are available at the castle ticket office. We recommend you visit the ticket office as soon as possible, as tickets sell out quickly.<\/p>\r\n        <\/div>\r\n\r\n        <div id=\"wperNoteSold\" class=\"wper-note__content\">\r\n            <h5 class=\"wper-note__title\">Tickets for this time slot are sold out.<\/h5>\r\n\r\n            <p>We are sorry, but due to high interest, all tickets for this tour are sold out. No tickets are available for this time slot at the castle ticket office either.<\/p>\r\n\r\n            <p>Please try to select another time slot within the day or consider visiting on a different day. We recommend monitoring our website for availability of tickets for individual tours and events.<\/p>\r\n\r\n            <p>Given the high attendance, we advise purchasing tickets well in advance online.<\/p>\r\n        <\/div>\r\n\r\n        <div class=\"wper-note__actions\">\r\n            <button type=\"submit\" class=\"wper-note__close js-wper-close-note\">Got it<\/button>\r\n        <\/div>\r\n    <\/div>\r\n<\/div>\r\n\n\n\n\n<p>M\u00e1ria Antoinetta vyrastala vo Viedni v prostred\u00ed, kde hudba a tanec patrili k z\u00e1kladom vzdelania, a medzi jej najob\u013e\u00fabenej\u0161ie n\u00e1stroje patrila harfa. Ke\u010f v roku 1770 pri\u0161la ako \u0161trn\u00e1s\u0165ro\u010dn\u00e1 nevesta na franc\u00fazsky dvor, priniesla si so sebou nielen rak\u00faskych skladate\u013eov, ale aj l\u00e1sku k hudbe, ktor\u00e1 ovplyvnila vkus celej aristokracie. <strong>Spoznajte v\u00fdstavu&nbsp;Marie Antoinette v novom kontexte v\u010faka&nbsp;hudobn\u00e9mu z\u00e1\u017eitku a ochutn\u00e1vke franc\u00fazskych v\u00edn.<\/strong><\/p>\n\n\n\n<p><strong>Harfov\u00fd recit\u00e1l Elisabeth Plank<\/strong> s \u010d\u00edtan\u00edm v sloven\u010dine v podan\u00ed <strong>Beaty Greneche.<\/strong><\/p>\n\n\n\n<p><strong>Elisabeth Plank<\/strong>, o ktorej BBC Radio Scotland nap\u00edsalo: <em>\u201ev\u00fdnimo\u010dn\u00e1 interpretka, dokonale ovl\u00e1daj\u00faca svoj n\u00e1stroj, pln\u00e1 charakteru a farebnosti vo svojej hre\u201c<\/em>, patr\u00ed medzi najv\u00fdraznej\u0161ie osobnosti mladej harfovej gener\u00e1cie.&nbsp;<strong>Sila a krehkos\u0165, virtuozita a em\u00f3cia, kreativita a trad\u00edcia<\/strong> \u2013 v\u0161etky tieto kontrasty sp\u00e1ja do jedine\u010dn\u00e9ho, brilantn\u00e9ho hudobn\u00e9ho z\u00e1\u017eitku. Rak\u00faska harfistka sa etablovala ako medzin\u00e1rodne vyh\u013ead\u00e1van\u00e1 s\u00f3listka a ambas\u00e1dorka svojho n\u00e1stroja.<\/p>\n\n\n\n<p><strong>Beata Greneche<\/strong>&nbsp;je&nbsp;here\u010dka a&nbsp;producentka. Vy\u0161tudovala herectvo&nbsp;na V\u0160MU v Bratislave a hereck\u00fa \u0161kolu Ecole Florent&nbsp;v Par\u00ed\u017ei. \u017dije v Prahe a v Toulouse, kde sa venuje&nbsp;producentstvu filmov a kult\u00farnych akci\u00ed \u2013mimo in\u00fdch je aj&nbsp;koproducentkou v\u00fdstavy&nbsp; \u201eMarie Antoinette: Z Viedne do Versailles a\u017e pod gilot\u00ednu\u201c na Bratislavskom hrade.&nbsp;\u010c\u00edtanie Beaty Greneche <strong>pribl\u00ed\u017ei n\u00e1v\u0161tevn\u00edkom, ak\u00fa d\u00f4le\u017eit\u00fa \u00falohu mala hudba v osobnom \u017eivote M\u00e1rie Antoinetty<\/strong> \u2013 ako prame\u0148 pote\u0161enia, in\u0161pir\u00e1cie a kr\u00e1sy.<\/p>\n\n\n\n<p>V\u00e1\u0161 l\u00edstok zah\u0155\u0148a:<\/p>\n\n\n\n<ul class=\"wp-block-list\">\n<li><strong>Vstup na v\u00fdstavu Marie Antoinette<\/strong> v ten ist\u00fd de\u0148 \u2013 v\u00fdstava v Rytierskej sieni Bratislavsk\u00e9ho hradu je otvoren\u00e1 do 18:00, <strong>odpor\u00fa\u010dame v\u00e1m preto pr\u00eds\u0165 okolo\u00a017:00<\/strong>, aby ste mali \u010das si pred koncertom v\u00fdstavu prezrie\u0165.<\/li>\n\n\n\n<li><strong>Harfov\u00fd recit\u00e1l<\/strong> Elisabeth Plank s \u010d\u00edtan\u00edm v sloven\u010dine v podan\u00ed Beaty Greneche \u2013 za\u010diatok <strong>o 18:00 v Hradnej kaplnke.<\/strong><\/li>\n\n\n\n<li><strong>Degust\u00e1ciu franc\u00fazskych v\u00edn<\/strong> v severn\u00fdch reprezenta\u010dn\u00fdch priestoroch hradu po skon\u010den\u00ed koncertu.<\/li>\n<\/ul>\n\n\n\n<p>Podujatie je organizovan\u00e9 v&nbsp;koprodukcii s Rak\u00faskym kult\u00farnym f\u00f3rom v Bratislave.<\/p>\n\n\n\n<div style=\"height:50px\" aria-hidden=\"true\" class=\"wp-block-spacer\"><\/div>\n\n\n\n<p><br><strong>If you have any questions about online tickets, please contact us at\u00a0<\/strong><a href=\"mailto:pomoc@snm-online.sk\"><strong>pomoc@snm-online.sk<\/strong><\/a><\/p>\n\n\n\n<div style=\"height:100px\" aria-hidden=\"true\" class=\"wp-block-spacer\"><\/div>\n\n\n\n<p><\/p>","protected":false},"excerpt":{"rendered":"<p>M\u00e1ria Antoinetta vyrastala vo Viedni v prostred\u00ed, kde hudba a tanec patrili k z\u00e1kladom vzdelania, a medzi jej najob\u013e\u00fabenej\u0161ie n\u00e1stroje patrila harfa. Ke\u010f v roku 1770 pri\u0161la ako \u0161trn\u00e1s\u0165ro\u010dn\u00e1 nevesta&hellip;&nbsp;<a href=\"https:\/\/snm-online.sk\/en\/marie-antoinette-harfovy-recital-elisabeth-plank\/\" class=\"\" rel=\"bookmark\">Read More &raquo;<span class=\"screen-reader-text\">Marie Antoinette:\u00a0Harfov\u00fd recit\u00e1l Elisabeth Plank<\/span><\/a><\/p>","protected":false},"author":2,"featured_media":0,"parent":0,"menu_order":0,"comment_status":"closed","ping_status":"closed","template":"","meta":{"_eb_attr":"","neve_meta_sidebar":"","neve_meta_container":"","neve_meta_enable_content_width":"","neve_meta_content_width":0,"neve_meta_title_alignment":"","neve_meta_author_avatar":"","neve_post_elements_order":"","neve_meta_disable_header":"","neve_meta_disable_footer":"","neve_meta_disable_title":"","_themeisle_gutenberg_block_has_review":false,"footnotes":""},"class_list":["post-4502","page","type-page","status-publish","hentry"],"_links":{"self":[{"href":"https:\/\/snm-online.sk\/en\/wp-json\/wp\/v2\/pages\/4502","targetHints":{"allow":["GET"]}}],"collection":[{"href":"https:\/\/snm-online.sk\/en\/wp-json\/wp\/v2\/pages"}],"about":[{"href":"https:\/\/snm-online.sk\/en\/wp-json\/wp\/v2\/types\/page"}],"author":[{"embeddable":true,"href":"https:\/\/snm-online.sk\/en\/wp-json\/wp\/v2\/users\/2"}],"replies":[{"embeddable":true,"href":"https:\/\/snm-online.sk\/en\/wp-json\/wp\/v2\/comments?post=4502"}],"version-history":[{"count":1,"href":"https:\/\/snm-online.sk\/en\/wp-json\/wp\/v2\/pages\/4502\/revisions"}],"predecessor-version":[{"id":4504,"href":"https:\/\/snm-online.sk\/en\/wp-json\/wp\/v2\/pages\/4502\/revisions\/4504"}],"wp:attachment":[{"href":"https:\/\/snm-online.sk\/en\/wp-json\/wp\/v2\/media?parent=4502"}],"curies":[{"name":"wp","href":"https:\/\/api.w.org\/{rel}","templated":true}]}}