{"id":4566,"date":"2025-10-01T12:35:43","date_gmt":"2025-10-01T10:35:43","guid":{"rendered":"https:\/\/snm-online.sk\/?page_id=4566"},"modified":"2026-03-11T12:13:48","modified_gmt":"2026-03-11T11:13:48","slug":"hrad-modry-kamen","status":"publish","type":"page","link":"https:\/\/snm-online.sk\/en\/hrad-modry-kamen\/","title":{"rendered":"Museum of Puppetry Cultures"},"content":{"rendered":"\n<h2 class=\"wp-block-heading\">M\u00fazeum b\u00e1bkarsk\u00fdch kult\u00far a hra\u010diek<\/h2>\n\n\n\n<h2 class=\"wp-block-heading\">Slovensk\u00e9 n\u00e1rodn\u00e9 m\u00fazeum<\/h2>\n\n\n\n<div id=\"wp-block-themeisle-blocks-advanced-columns-e2f12593\" class=\"wp-block-themeisle-blocks-advanced-columns has-2-columns has-desktop-equal-layout has-tablet-equal-layout has-mobile-equal-layout has-vertical-unset\"><div class=\"wp-block-themeisle-blocks-advanced-columns-overlay\"><\/div><div class=\"innerblocks-wrap\">\n<div id=\"wp-block-themeisle-blocks-advanced-column-31c377d5\" class=\"wp-block-themeisle-blocks-advanced-column\">\n<figure class=\"wp-block-image size-full has-custom-border\"><img loading=\"lazy\" decoding=\"async\" width=\"600\" height=\"400\" src=\"https:\/\/snm-online.sk\/wp-content\/uploads\/2024\/09\/Foto-Modry-Kamen.jpg\" alt=\"\" class=\"wp-image-1760\" style=\"border-radius:8px\" srcset=\"https:\/\/snm-online.sk\/wp-content\/uploads\/2024\/09\/Foto-Modry-Kamen.jpg 600w, https:\/\/snm-online.sk\/wp-content\/uploads\/2024\/09\/Foto-Modry-Kamen-300x200.jpg 300w\" sizes=\"auto, (max-width: 600px) 100vw, 600px\" \/><\/figure>\n<\/div>\n\n\n\n<div id=\"wp-block-themeisle-blocks-advanced-column-9378e874\" class=\"wp-block-themeisle-blocks-advanced-column\">\n<figure class=\"wp-block-image size-full has-custom-border\"><img loading=\"lazy\" decoding=\"async\" width=\"1024\" height=\"682\" src=\"https:\/\/snm-online.sk\/wp-content\/uploads\/2024\/10\/Muzeum-babkarskych-kultur-a-hraciek.jpg\" alt=\"\" class=\"wp-image-2281\" style=\"border-radius:8px\" srcset=\"https:\/\/snm-online.sk\/wp-content\/uploads\/2024\/10\/Muzeum-babkarskych-kultur-a-hraciek.jpg 1024w, https:\/\/snm-online.sk\/wp-content\/uploads\/2024\/10\/Muzeum-babkarskych-kultur-a-hraciek-300x200.jpg 300w, https:\/\/snm-online.sk\/wp-content\/uploads\/2024\/10\/Muzeum-babkarskych-kultur-a-hraciek-768x512.jpg 768w, https:\/\/snm-online.sk\/wp-content\/uploads\/2024\/10\/Muzeum-babkarskych-kultur-a-hraciek-930x620.jpg 930w\" sizes=\"auto, (max-width: 1024px) 100vw, 1024px\" \/><\/figure>\n<\/div>\n<\/div><\/div>\n\n\n\n<div style=\"height:10px\" aria-hidden=\"true\" class=\"wp-block-spacer\"><\/div>\n\n\n\n<p><strong>Vyberte si pros\u00edm z ponuky d\u00e1tumov a term\u00ednov prehliadok:<\/strong><\/p>\n\n\n\r\n<section class=\"mb-4\">\r\n    <nav class=\"wper-days\">\r\n                    <span class=\"wper-days__item js-wper-change-day active\" data-date=\"2026-04-25\">\r\n                <span class=\"long\">Today<\/span>\r\n                <span class=\"short\">Today<\/span>\r\n            <\/span>\r\n                    <span class=\"wper-days__item js-wper-change-day \" data-date=\"2026-04-26\">\r\n                <span class=\"long\">Tomorrow<\/span>\r\n                <span class=\"short\">Tomorrow<\/span>\r\n            <\/span>\r\n                    <span class=\"wper-days__item js-wper-change-day \" data-date=\"2026-04-27\">\r\n                <span class=\"long\">Monday 27.4.<\/span>\r\n                <span class=\"short\">Mon 27.4.<\/span>\r\n            <\/span>\r\n                    <span class=\"wper-days__item js-wper-change-day \" data-date=\"2026-04-28\">\r\n                <span class=\"long\">Tuesday 28.4.<\/span>\r\n                <span class=\"short\">Tue 28.4.<\/span>\r\n            <\/span>\r\n                    <span class=\"wper-days__item js-wper-change-day \" data-date=\"2026-04-29\">\r\n                <span class=\"long\">Wednesday 29.4.<\/span>\r\n                <span class=\"short\">Wed 29.4.<\/span>\r\n            <\/span>\r\n                    <span class=\"wper-days__item js-wper-change-day \" data-date=\"2026-04-30\">\r\n                <span class=\"long\">Thursday 30.4.<\/span>\r\n                <span class=\"short\">Thu 30.4.<\/span>\r\n            <\/span>\r\n                    <span class=\"wper-days__item js-wper-change-day \" data-date=\"2026-05-01\">\r\n                <span class=\"long\">Friday 1.5.<\/span>\r\n                <span class=\"short\">Fri 1.5.<\/span>\r\n            <\/span>\r\n        \r\n                    <div class=\"wper-days__ite\">\r\n                <input type=\"text\" id=\"wperDatepickerInput\" class=\"wper-datepicker-input\" placeholder=\"Other date\" data-min-date=\"2026-04-25\"  readonly>\r\n            <\/div>\r\n            <\/nav>\r\n\r\n    \r\n    <ul id=\"wperItems\" class=\"wper-list\">\r\n        Sorry, this date is not available.    <\/ul>\r\n<\/section>\r\n\r\n<div class=\"wper-modal\">\r\n    <div class=\"wper-modal__inner\">\r\n        <div class=\"wper-modal__header\">\r\n            <button type=\"button\" class=\"wper-modal__close js-wper-close-modal\">\r\n                <svg width=\"16\" height=\"16\" viewBox=\"0 0 16 16\" fill=\"none\" class=\"svg\" xmlns=\"http:\/\/www.w3.org\/2000\/svg\"><path d=\"M16 7H3.83L9.42 1.41L8 0L0 8L8 16L9.41 14.59L3.83 9H16V7Z\" fill=\"currentColor\"\/><\/svg> <span>Continue shopping<\/span>\r\n            <\/button>\r\n        <\/div>\r\n\r\n        <iframe src=\"\" frameborder=\"0\" class=\"wper-modal__iframe\"><\/iframe>\r\n    <\/div>\r\n<\/div>\r\n\r\n<div class=\"wper-note\">\r\n    <div class=\"wper-note__inner\">\r\n        <div id=\"wperNoteRetail\" class=\"wper-note__content\">\r\n            <h5 class=\"wper-note__title\">Last tickets available only at the museum ticket office.<\/h5>\r\n\r\n            <p>We are sorry, but due to high interest, all tickets reserved for online sales are sold out.<\/p>\r\n\r\n            <p>Last few tickets are available at the castle ticket office. We recommend you visit the ticket office as soon as possible, as tickets sell out quickly.<\/p>\r\n        <\/div>\r\n\r\n        <div id=\"wperNoteSold\" class=\"wper-note__content\">\r\n            <h5 class=\"wper-note__title\">Tickets for this time slot are sold out.<\/h5>\r\n\r\n            <p>We are sorry, but due to high interest, all tickets for this tour are sold out. No tickets are available for this time slot at the castle ticket office either.<\/p>\r\n\r\n            <p>Please try to select another time slot within the day or consider visiting on a different day. We recommend monitoring our website for availability of tickets for individual tours and events.<\/p>\r\n\r\n            <p>Given the high attendance, we advise purchasing tickets well in advance online.<\/p>\r\n        <\/div>\r\n\r\n        <div class=\"wper-note__actions\">\r\n            <button type=\"submit\" class=\"wper-note__close js-wper-close-note\">Got it<\/button>\r\n        <\/div>\r\n    <\/div>\r\n<\/div>\r\n\n\n\n\n<p><strong>M\u00fazeum b\u00e1bkarsk\u00fdch kult\u00far a hra\u010diek hrad Modr\u00fd Kame\u0148<\/strong> je \u0161pecializovan\u00e9 m\u00fazeum s celoslovenskou p\u00f4sobnos\u0165ou, zameran\u00e9 na dokument\u00e1ciu dej\u00edn a s\u00fa\u010dasnosti b\u00e1bkov\u00e9ho divadla, dej\u00edn a v\u00fdvoja detskej hra\u010dky, ako aj dej\u00edn regi\u00f3nu, v ktorom sa m\u00fazeum nach\u00e1dza. Kult\u00farno-umeleck\u00e9, historick\u00e9, archeologick\u00e9 a n\u00e1rodopisn\u00e9 zbierky, ktor\u00e9 m\u00fazeum v r\u00e1mci svojej \u0161pecializ\u00e1cie zhroma\u017e\u010fuje, odborne spracov\u00e1va a ochra\u0148uje, s\u00fa spr\u00edstupnen\u00e9 verejnosti formou st\u00e1lych expoz\u00edci\u00ed, v\u00fdstav a r\u00f4znorod\u00fdch kult\u00farnych aktiv\u00edt, ktor\u00e9 sa te\u0161ia ve\u013ekej ob\u013eube najm\u00e4 u det\u00ed a ml\u00e1de\u017ee.&nbsp;Hradn\u00fd objekt tvoria zr\u00facaniny star\u00e9ho gotick\u00e9ho hradu a budova barokov\u00e9ho ka\u0161tie\u013ea, v ktorej s\u00eddli m\u00fazeum.&nbsp;<\/p>\n\n\n\n<div class=\"wp-block-essential-blocks-accordion  root-eb-accordion-j5qsb\"><div class=\"eb-parent-wrapper eb-parent-eb-accordion-j5qsb \"><div class=\"eb-accordion-container eb-accordion-j5qsb\" data-accordion-type=\"accordion\" data-tab-icon=\"dashicons-arrow-right-alt2\" data-expanded-icon=\"dashicons-arrow-down-alt2\" data-transition-duration=\"500\"><div class=\"eb-accordion-inner\">\n<div class=\"wp-block-essential-blocks-accordion-item eb-accordion-item-jbbes eb-accordion-wrapper\" data-clickable=\"false\"><div class=\"eb-accordion-title-wrapper eb-accordion-title-wrapper-eb-accordion-j5qsb\" tabindex=\"0\"><span class=\"eb-accordion-icon-wrapper eb-accordion-icon-wrapper-eb-accordion-j5qsb\"><span class=\"dashicon dashicons dashicons-arrow-right-alt2 eb-accordion-icon\"><\/span><\/span><div class=\"eb-accordion-title-content-wrap title-content-eb-accordion-j5qsb\"><h3 class=\"eb-accordion-title\">Otv\u00e1racie hodiny<\/h3><\/div><\/div><div class=\"eb-accordion-content-wrapper eb-accordion-content-wrapper-eb-accordion-j5qsb\"><div class=\"eb-accordion-content\">\n<p class=\"has-neve-text-color-color has-text-color has-link-color wp-elements-5f58efb1aed2fb8c79fc68c788530239\"><strong>Letn\u00e1 sez\u00f3na<\/strong><\/p>\n\n\n\n<p class=\"has-nv-dark-bg-color has-text-color has-link-color wp-elements-2f81efaa0f468585b460e523d6437c25\">m\u00e1j, j\u00fan,&nbsp;september, okt\u00f3ber:&nbsp;pondelok \u2013 nede\u013ea od 9.00 do 17.00 h<\/p>\n\n\n\n<p class=\"has-nv-dark-bg-color has-text-color has-link-color wp-elements-06eea48cf125f9f702abeecf1034bf43\">j\u00fal \u2013 august: pondelok \u2013 nede\u013ea od 9.00 do 18.00 h<\/p>\n\n\n\n<p><\/p>\n\n\n\n<p class=\"has-neve-text-color-color has-text-color has-link-color wp-elements-dabec5623753713d9670640f2933b38e\"><strong>Zimn\u00e1 sez\u00f3na<\/strong><\/p>\n\n\n\n<p class=\"has-nv-dark-bg-color has-text-color has-link-color wp-elements-94b5453bc8c1e8a8770f56315bc508de\">november \u2013 apr\u00edl: utorok \u2013 piatok od 9.00 do 15.00 h (vstupy ka\u017ed\u00fa cel\u00fa hodinu, posledn\u00fd vstup 14.00 h)<\/p>\n\n\n\n<p><\/p>\n\n\n\n<p class=\"has-nv-dark-bg-color has-text-color has-link-color wp-elements-68104e18e5e8e2c5da07271360e9273f\">Vstup na prehliadku je ka\u017ed\u00fa cel\u00fa hodinu, posledn\u00fd vstup je hodinu pred uzavret\u00edm m\u00fazea.<\/p>\n\n\n\n<p class=\"has-nv-dark-bg-color has-text-color has-link-color wp-elements-46fec990c09e362a0b9b39270ad7f526\">V pr\u00edpade v\u00e4\u010d\u0161\u00edch skup\u00edn je mo\u017enos\u0165 nav\u0161t\u00edvi\u0165 m\u00fazeum po predch\u00e1dzaj\u00facej&nbsp;dohode aj mimo hlavn\u00fdch otv\u00e1rac\u00edch hod\u00edn.&nbsp;<\/p>\n<\/div><\/div><\/div>\n\n\n\n<div class=\"wp-block-essential-blocks-accordion-item eb-accordion-item-xfxnw eb-accordion-wrapper\" data-clickable=\"false\"><div class=\"eb-accordion-title-wrapper eb-accordion-title-wrapper-eb-accordion-j5qsb\" tabindex=\"0\"><span class=\"eb-accordion-icon-wrapper eb-accordion-icon-wrapper-eb-accordion-j5qsb\"><span class=\"dashicon dashicons dashicons-arrow-right-alt2 eb-accordion-icon\"><\/span><\/span><div class=\"eb-accordion-title-content-wrap title-content-eb-accordion-j5qsb\"><h3 class=\"eb-accordion-title\">Kontakt<\/h3><\/div><\/div><div class=\"eb-accordion-content-wrapper eb-accordion-content-wrapper-eb-accordion-j5qsb\"><div class=\"eb-accordion-content\">\n<p class=\"has-nv-dark-bg-color has-text-color has-link-color wp-elements-29434d30c700271453054090e00f6cf6\"><strong>SNM \u2013 M\u00fazeum b\u00e1bkarsk\u00fdch kult\u00far a hra\u010diek\u00a0\u00a0<\/strong><br>Hrad Modr\u00fd Kame\u0148\u00a0\u00a0<br>Z\u00e1mock\u00e1 1\u00a0<br>992 01 Modr\u00fd Kame\u0148\u00a0<\/p>\n\n\n\n<p class=\"has-nv-dark-bg-color has-text-color has-link-color wp-elements-56f4a1b14f4075012162fe8348df2c4b\">e-mail:&nbsp;&nbsp;<a href=\"mailto:hradmodrykamen@snm.sk\">hradmodrykamen@snm.sk<\/a>&nbsp;<br>telef\u00f3n:&nbsp;+421 47 24 54 100&nbsp;&nbsp;<\/p>\n<\/div><\/div><\/div>\n\n\n\n<div class=\"wp-block-essential-blocks-accordion-item eb-accordion-item-7e36t eb-accordion-wrapper\" data-clickable=\"false\"><div class=\"eb-accordion-title-wrapper eb-accordion-title-wrapper-eb-accordion-j5qsb\" tabindex=\"0\"><span class=\"eb-accordion-icon-wrapper eb-accordion-icon-wrapper-eb-accordion-j5qsb\"><span class=\"dashicon dashicons dashicons-arrow-right-alt2 eb-accordion-icon\"><\/span><\/span><div class=\"eb-accordion-title-content-wrap title-content-eb-accordion-j5qsb\"><h3 class=\"eb-accordion-title\">Kde n\u00e1s n\u00e1jdete<\/h3><\/div><\/div><div class=\"eb-accordion-content-wrapper eb-accordion-content-wrapper-eb-accordion-j5qsb\"><div class=\"eb-accordion-content\"><div style=\"height:400pxpx;\" class=\"wp-block-themeisle-blocks-leaflet-map\" id=\"wp-block-themeisle-blocks-leaflet-map-24c4fa60\"><\/div>\n<script type=\"text\/javascript\">\n\t\/* <![CDATA[ *\/\n\t\tif ( ! window.themeisleLeafletMaps ) window.themeisleLeafletMaps =[];\n\t\twindow.themeisleLeafletMaps.push( { container: \"wp-block-themeisle-blocks-leaflet-map-24c4fa60\", attributes: {\"id\":\"wp-block-themeisle-blocks-leaflet-map-24c4fa60\",\"location\":\"Modr\\u00fd Kame\\u0148\",\"latitude\":\"48.244310685779745\",\"longitude\":\"19.332783680099404\",\"bbox\":\"19.33280467987061,48.244310685779745,19.33280467987061,48.244310685779745\",\"zoom\":15,\"markers\":[{\"id\":\"d0507ee6-75f1-4cf7-aab3-34d14865926e\",\"latitude\":48.24431068577974457411983166821300983428955078125,\"longitude\":19.33278368009940351157638360746204853057861328125,\"title\":\"Hrad Modr\\u00fd Kame\\u0148\",\"description\":\"\"}],\"height\":\"400px\",\"zoomControl\":true,\"draggable\":true,\"hasCustomCSS\":false,\"customCSS\":\"\",\"TrpContentRestriction\":{\"restriction_type\":\"exclude\",\"selected_languages\":[],\"panel_open\":true},\"otterConditions\":[]} } );\n\t\/* ]]> *\/\n<\/script>\n<\/div><\/div><\/div>\n<\/div><\/div><\/div><\/div>\n\n\n\n<div style=\"height:50px\" aria-hidden=\"true\" class=\"wp-block-spacer\"><\/div>\n\n\n\n<p><strong>V pr\u00edpade ot\u00e1zok t\u00fdkaj\u00facich sa online n\u00e1kupu vstupeniek n\u00e1s kontaktujte na <a href=\"mailto:pomoc@snm-online.sk\">pomoc@snm-online.sk<\/a><\/strong><\/p>\n\n\n\n<div style=\"height:100px\" aria-hidden=\"true\" class=\"wp-block-spacer\"><\/div>\n","protected":false},"excerpt":{"rendered":"<p>M\u00fazeum b\u00e1bkarsk\u00fdch kult\u00far a hra\u010diek Slovensk\u00e9 n\u00e1rodn\u00e9 m\u00fazeum Vyberte si pros\u00edm z ponuky d\u00e1tumov a term\u00ednov prehliadok: M\u00fazeum b\u00e1bkarsk\u00fdch kult\u00far a hra\u010diek hrad Modr\u00fd Kame\u0148 je \u0161pecializovan\u00e9 m\u00fazeum s celoslovenskou&hellip;&nbsp;<a href=\"https:\/\/snm-online.sk\/en\/hrad-modry-kamen\/\" class=\"\" rel=\"bookmark\">Read More &raquo;<span class=\"screen-reader-text\">Museum of Puppetry Cultures<\/span><\/a><\/p>","protected":false},"author":2,"featured_media":0,"parent":0,"menu_order":0,"comment_status":"closed","ping_status":"closed","template":"","meta":{"_eb_attr":"","neve_meta_sidebar":"","neve_meta_container":"","neve_meta_enable_content_width":"","neve_meta_content_width":0,"neve_meta_title_alignment":"","neve_meta_author_avatar":"","neve_post_elements_order":"","neve_meta_disable_header":"","neve_meta_disable_footer":"","neve_meta_disable_title":"","_themeisle_gutenberg_block_has_review":false,"footnotes":""},"class_list":["post-4566","page","type-page","status-publish","hentry"],"_links":{"self":[{"href":"https:\/\/snm-online.sk\/en\/wp-json\/wp\/v2\/pages\/4566","targetHints":{"allow":["GET"]}}],"collection":[{"href":"https:\/\/snm-online.sk\/en\/wp-json\/wp\/v2\/pages"}],"about":[{"href":"https:\/\/snm-online.sk\/en\/wp-json\/wp\/v2\/types\/page"}],"author":[{"embeddable":true,"href":"https:\/\/snm-online.sk\/en\/wp-json\/wp\/v2\/users\/2"}],"replies":[{"embeddable":true,"href":"https:\/\/snm-online.sk\/en\/wp-json\/wp\/v2\/comments?post=4566"}],"version-history":[{"count":21,"href":"https:\/\/snm-online.sk\/en\/wp-json\/wp\/v2\/pages\/4566\/revisions"}],"predecessor-version":[{"id":5110,"href":"https:\/\/snm-online.sk\/en\/wp-json\/wp\/v2\/pages\/4566\/revisions\/5110"}],"wp:attachment":[{"href":"https:\/\/snm-online.sk\/en\/wp-json\/wp\/v2\/media?parent=4566"}],"curies":[{"name":"wp","href":"https:\/\/api.w.org\/{rel}","templated":true}]}}