{"id":4758,"date":"2025-11-06T15:52:57","date_gmt":"2025-11-06T14:52:57","guid":{"rendered":"https:\/\/snm-online.sk\/?page_id=4758"},"modified":"2025-11-06T15:52:57","modified_gmt":"2025-11-06T14:52:57","slug":"tiche-prechadzky-minulostou-grofa-leopolda-andrassyho","status":"publish","type":"page","link":"https:\/\/snm-online.sk\/en\/tiche-prechadzky-minulostou-grofa-leopolda-andrassyho\/","title":{"rendered":"Tich\u00e9 prech\u00e1dzky minulos\u0165ou gr\u00f3fa Leopolda Andr\u00e1ssyho"},"content":{"rendered":"<div id=\"wp-block-themeisle-blocks-advanced-columns-febaf808\" class=\"wp-block-themeisle-blocks-advanced-columns has-1-columns has-desktop-equal-layout has-tablet-equal-layout has-mobile-equal-layout has-vertical-unset\"><div class=\"wp-block-themeisle-blocks-advanced-columns-overlay\"><\/div><div class=\"innerblocks-wrap\">\n<div id=\"wp-block-themeisle-blocks-advanced-column-c71d026b\" class=\"wp-block-themeisle-blocks-advanced-column\">\n<figure class=\"wp-block-image size-large is-resized\"><img loading=\"lazy\" decoding=\"async\" width=\"1024\" height=\"373\" src=\"https:\/\/snm-online.sk\/wp-content\/uploads\/2025\/11\/Leopold-Andrassy_1920-1024x373.jpg\" alt=\"\" class=\"wp-image-4759\" style=\"width:1170px;height:auto\" srcset=\"https:\/\/snm-online.sk\/wp-content\/uploads\/2025\/11\/Leopold-Andrassy_1920-1024x373.jpg 1024w, https:\/\/snm-online.sk\/wp-content\/uploads\/2025\/11\/Leopold-Andrassy_1920-300x109.jpg 300w, https:\/\/snm-online.sk\/wp-content\/uploads\/2025\/11\/Leopold-Andrassy_1920-768x280.jpg 768w, https:\/\/snm-online.sk\/wp-content\/uploads\/2025\/11\/Leopold-Andrassy_1920-1536x560.jpg 1536w, https:\/\/snm-online.sk\/wp-content\/uploads\/2025\/11\/Leopold-Andrassy_1920.jpg 1920w\" sizes=\"auto, (max-width: 1024px) 100vw, 1024px\" \/><\/figure>\n\n\n\n<div style=\"height:20px\" aria-hidden=\"true\" class=\"wp-block-spacer\"><\/div>\n<\/div>\n<\/div><\/div>\n\n\n\n<p><strong>Please choose from the listed dates:<\/strong><\/p>\n\n\n\r\n<section class=\"mb-4\">\r\n    <nav class=\"wper-days\">\r\n        \r\n            <\/nav>\r\n\r\n    \r\n    <ul id=\"wperItems\" class=\"wper-list\">\r\n        Sorry, this date is not available.    <\/ul>\r\n<\/section>\r\n\r\n<div class=\"wper-modal\">\r\n    <div class=\"wper-modal__inner\">\r\n        <div class=\"wper-modal__header\">\r\n            <button type=\"button\" class=\"wper-modal__close js-wper-close-modal\">\r\n                <svg width=\"16\" height=\"16\" viewbox=\"0 0 16 16\" fill=\"none\" class=\"svg\" xmlns=\"http:\/\/www.w3.org\/2000\/svg\"><path d=\"M16 7H3.83L9.42 1.41L8 0L0 8L8 16L9.41 14.59L3.83 9H16V7Z\" fill=\"currentColor\"\/><\/svg> <span>Continue shopping<\/span>\r\n            <\/button>\r\n        <\/div>\r\n\r\n        <iframe src=\"\" frameborder=\"0\" class=\"wper-modal__iframe\"><\/iframe>\r\n    <\/div>\r\n<\/div>\r\n\r\n<div class=\"wper-note\">\r\n    <div class=\"wper-note__inner\">\r\n        <div id=\"wperNoteRetail\" class=\"wper-note__content\">\r\n            <h5 class=\"wper-note__title\">Last tickets available only at the museum ticket office.<\/h5>\r\n\r\n            <p>We are sorry, but due to high interest, all tickets reserved for online sales are sold out.<\/p>\r\n\r\n            <p>Last few tickets are available at the castle ticket office. We recommend you visit the ticket office as soon as possible, as tickets sell out quickly.<\/p>\r\n        <\/div>\r\n\r\n        <div id=\"wperNoteSold\" class=\"wper-note__content\">\r\n            <h5 class=\"wper-note__title\">Tickets for this time slot are sold out.<\/h5>\r\n\r\n            <p>We are sorry, but due to high interest, all tickets for this tour are sold out. No tickets are available for this time slot at the castle ticket office either.<\/p>\r\n\r\n            <p>Please try to select another time slot within the day or consider visiting on a different day. We recommend monitoring our website for availability of tickets for individual tours and events.<\/p>\r\n\r\n            <p>Given the high attendance, we advise purchasing tickets well in advance online.<\/p>\r\n        <\/div>\r\n\r\n        <div class=\"wper-note__actions\">\r\n            <button type=\"submit\" class=\"wper-note__close js-wper-close-note\">Got it<\/button>\r\n        <\/div>\r\n    <\/div>\r\n<\/div>\r\n\n\n\n\n<p><strong>Tich\u00e9 prech\u00e1dzky minulos\u0165ou gr\u00f3fa Leopolda Andr\u00e1ssyho &#8211;<\/strong> Csendes s\u00e9t\u00e1k gr\u00f3f Andr\u00e1ssy Lip\u00f3t m\u00faltj\u00e1ban<br>Objav\u00edme skryt\u00e9 pr\u00edbehy cestovate\u013ea, vzdelanca a jedn\u00e9ho z najv\u00fdznamnej\u0161\u00edch \u010dlenov rodu Andr\u00e1ssy.<\/p>\n\n\n\n<p>T<strong>ematick\u00e1 prehliadka bude v ma\u010farskom jazyku.<\/strong><\/p>\n\n\n\n<p>LEOPOLD ANDR\u00c1SSY (3. 6. 1767 \u2013 14. 10. 1824)<\/p>\n\n\n\n<p>14. okt\u00f3bra sme si pripomenuli \u00famrtie jedn\u00e9ho z najv\u00fdznamnej\u0161\u00edch \u010dlenov Andr\u00e1ssyovsk\u00e9ho rodu, niekdaj\u0161ieho bansk\u00e9ho radcu v Banskej \u0160tiavnici a spr\u00e1vcu kremnick\u00fdch ban\u00ed, cestovate\u013ea, vzdelanca, \u010dlena slobodomur\u00e1rskej l\u00f3\u017ee a zakladate\u013ea historickej kni\u017enice v Betliari a rozsiahleho anglick\u00e9ho parku s drobnou parkovou architekt\u00farou a unik\u00e1tnym vodn\u00fdm syst\u00e9mom.<\/p>\n\n\n\n<p>Gr\u00f3f Leopold Andr\u00e1ssy sa narodil 3. j\u00fana 1767 z man\u017eelstva Karola Andr\u00e1ssyho a M\u00e1rie Rebeky N\u00e1dasdyovej. Po tom, \u010do ako 25-ro\u010dn\u00fd skon\u010dil svoju vojensk\u00fa kari\u00e9ru, sa natrvalo usadil na svojom betliarskom majetku. V roku 1795 sa vydal na cestu po krajin\u00e1ch z\u00e1padnej a ju\u017enej Eur\u00f3py, kde sa obozn\u00e1mil s nov\u00fdmi trendmi v umen\u00ed, kult\u00fare a v hospod\u00e1rstve.<\/p>\n\n\n\n<p>Venoval sa vede, ban\u00edctvu, botanike \u010di numizmatike a s t\u00fdm s\u00favisiacemu z\u00edskavaniu liter\u00e1rnych diel uhorsk\u00fdch a eur\u00f3pskych autorov. Pova\u017euje sa teda za zakladate\u013ea historickej kni\u017enice, ktor\u00e1 je jedn\u00fdm z najpozoruhodnej\u0161\u00edch skvostov betliarskeho ka\u0161tie\u013ea. Ve\u013ekos\u0165ou fondu sa zara\u010fuje medzi najv\u00e4\u010d\u0161ie \u0161\u013eachtick\u00e9 kni\u017enice na \u00fazem\u00ed Slovenska. V s\u00fa\u010dasnosti tvor\u00ed kni\u017eni\u010dn\u00fd fond viac ako 15 000 polytematick\u00fdch tla\u010d\u00ed a rukopisov z obdobia 15. a\u017e 20. storo\u010dia. Medzi najstar\u0161ie patria prvotla\u010de \u2013 inkun\u00e1buly vydan\u00e9 do konca 15. storo\u010dia. T\u00fdch sa v kni\u017enici zachovalo celkom sedem exempl\u00e1rov. Mo\u017eno ich pova\u017eova\u0165 za predmet zberate\u013esk\u00e9ho z\u00e1ujmu Andr\u00e1ssyovcov. Najstar\u0161\u00edm z nich je dielo Divinum Medicinae z roku 1486. \u010clenovia Andr\u00e1ssyovsk\u00e9ho rodu dop\u013a\u0148ali a roz\u0161irovali fond historickej kni\u017enice takmer do polovice 20. storo\u010dia.<\/p>\n\n\n\n<p>Ako spom\u00ednaj\u00fa historick\u00e9 pramene o s\u00fakromnom \u017eivote gr\u00f3fa, bol to \u010dlovek mimoriadne \u00factiv\u00fd a k svojim podriaden\u00fdm sa spr\u00e1val l\u00e1skavo, \u010do mu oni oplatili vernos\u0165ou. Tie\u017e bolo mimoriadne vesel\u00fd a vtipn\u00fd \u0161\u013eachtic, o ktorom v okol\u00ed kolovalo ve\u013ea zauj\u00edmav\u00fdch a vtipn\u00fdch pr\u00edbehov.<\/p>\n\n\n\n<p>Leopold mal 5 neman\u017eelsk\u00fdch dc\u00e9r s Annou Barvulskou, ale ke\u010f\u017ee sa nikdy neo\u017eenil, nezanechal po sebe legit\u00edmneho dedi\u010da a po jeho smrti jeho majetok pripadol bratom Karolovi a Jozefovi. Pochovan\u00fd bol p\u00f4vodne v parku betliarskeho ka\u0161tie\u013ea, nesk\u00f4r boli jeho pozostatky prevezen\u00e9 do rodinnej hrobky na hrade Kr\u00e1sna H\u00f4rka.<\/p>\n\n\n\n<div style=\"height:50px\" aria-hidden=\"true\" class=\"wp-block-spacer\"><\/div>\n\n\n\n<p><strong>If you have any questions about online tickets, please contact us at\u00a0<\/strong><a href=\"mailto:pomoc@snm-online.sk\">pomoc@snm-online.sk<\/a><\/p>\n\n\n\n<div style=\"height:100px\" aria-hidden=\"true\" class=\"wp-block-spacer\"><\/div>","protected":false},"excerpt":{"rendered":"<p>Vyberte si pros\u00edm z ponuky d\u00e1tumov a term\u00ednov prehliadok: Tich\u00e9 prech\u00e1dzky minulos\u0165ou gr\u00f3fa Leopolda Andr\u00e1ssyho &#8211; Csendes s\u00e9t\u00e1k gr\u00f3f Andr\u00e1ssy Lip\u00f3t m\u00faltj\u00e1banObjav\u00edme skryt\u00e9 pr\u00edbehy cestovate\u013ea, vzdelanca a jedn\u00e9ho z najv\u00fdznamnej\u0161\u00edch&hellip;&nbsp;<a href=\"https:\/\/snm-online.sk\/en\/tiche-prechadzky-minulostou-grofa-leopolda-andrassyho\/\" class=\"\" rel=\"bookmark\">Read More &raquo;<span class=\"screen-reader-text\">Tich\u00e9 prech\u00e1dzky minulos\u0165ou gr\u00f3fa Leopolda Andr\u00e1ssyho<\/span><\/a><\/p>","protected":false},"author":2,"featured_media":0,"parent":0,"menu_order":0,"comment_status":"closed","ping_status":"closed","template":"","meta":{"_eb_attr":"","neve_meta_sidebar":"","neve_meta_container":"","neve_meta_enable_content_width":"","neve_meta_content_width":0,"neve_meta_title_alignment":"","neve_meta_author_avatar":"","neve_post_elements_order":"","neve_meta_disable_header":"","neve_meta_disable_footer":"","neve_meta_disable_title":"","_themeisle_gutenberg_block_has_review":false,"footnotes":""},"class_list":["post-4758","page","type-page","status-publish","hentry"],"_links":{"self":[{"href":"https:\/\/snm-online.sk\/en\/wp-json\/wp\/v2\/pages\/4758","targetHints":{"allow":["GET"]}}],"collection":[{"href":"https:\/\/snm-online.sk\/en\/wp-json\/wp\/v2\/pages"}],"about":[{"href":"https:\/\/snm-online.sk\/en\/wp-json\/wp\/v2\/types\/page"}],"author":[{"embeddable":true,"href":"https:\/\/snm-online.sk\/en\/wp-json\/wp\/v2\/users\/2"}],"replies":[{"embeddable":true,"href":"https:\/\/snm-online.sk\/en\/wp-json\/wp\/v2\/comments?post=4758"}],"version-history":[{"count":1,"href":"https:\/\/snm-online.sk\/en\/wp-json\/wp\/v2\/pages\/4758\/revisions"}],"predecessor-version":[{"id":4760,"href":"https:\/\/snm-online.sk\/en\/wp-json\/wp\/v2\/pages\/4758\/revisions\/4760"}],"wp:attachment":[{"href":"https:\/\/snm-online.sk\/en\/wp-json\/wp\/v2\/media?parent=4758"}],"curies":[{"name":"wp","href":"https:\/\/api.w.org\/{rel}","templated":true}]}}