{"id":4792,"date":"2025-11-24T10:00:09","date_gmt":"2025-11-24T09:00:09","guid":{"rendered":"https:\/\/snm-online.sk\/?page_id=4792"},"modified":"2025-11-24T10:03:06","modified_gmt":"2025-11-24T09:03:06","slug":"aristokraticke-vianoce","status":"publish","type":"page","link":"https:\/\/snm-online.sk\/en\/aristokraticke-vianoce\/","title":{"rendered":"Aristokratick\u00e9 Vianoce"},"content":{"rendered":"<div id=\"wp-block-themeisle-blocks-advanced-columns-4802dcae\" class=\"wp-block-themeisle-blocks-advanced-columns has-1-columns has-desktop-equal-layout has-tablet-equal-layout has-mobile-equal-layout has-vertical-unset\"><div class=\"wp-block-themeisle-blocks-advanced-columns-overlay\"><\/div><div class=\"innerblocks-wrap\">\n<div id=\"wp-block-themeisle-blocks-advanced-column-3d068ac3\" class=\"wp-block-themeisle-blocks-advanced-column\">\n<figure class=\"wp-block-image size-large is-resized has-custom-border\" id=\"wp-block-themeisle-blocks-image-680c2249\"><img loading=\"lazy\" decoding=\"async\" width=\"1024\" height=\"324\" src=\"https:\/\/snm-online.sk\/wp-content\/uploads\/2025\/11\/Zive-dejiny-cyklus-1024x324.png\" alt=\"\" class=\"wp-image-4796\" style=\"border-radius:10px;width:1170px;height:auto\" srcset=\"https:\/\/snm-online.sk\/wp-content\/uploads\/2025\/11\/Zive-dejiny-cyklus-1024x324.png 1024w, https:\/\/snm-online.sk\/wp-content\/uploads\/2025\/11\/Zive-dejiny-cyklus-300x95.png 300w, https:\/\/snm-online.sk\/wp-content\/uploads\/2025\/11\/Zive-dejiny-cyklus-768x243.png 768w, https:\/\/snm-online.sk\/wp-content\/uploads\/2025\/11\/Zive-dejiny-cyklus-1536x486.png 1536w, https:\/\/snm-online.sk\/wp-content\/uploads\/2025\/11\/Zive-dejiny-cyklus-2048x649.png 2048w\" sizes=\"auto, (max-width: 1024px) 100vw, 1024px\" \/><\/figure>\n\n\n\n<div style=\"height:20px\" aria-hidden=\"true\" class=\"wp-block-spacer\"><\/div>\n\n\n\n<p><strong>Please choose from the listed dates:<\/strong><\/p>\n<\/div>\n<\/div><\/div>\n\n\n\r\n<section class=\"mb-4\">\r\n    <nav class=\"wper-days\">\r\n        \r\n            <\/nav>\r\n\r\n    \r\n    <ul id=\"wperItems\" class=\"wper-list\">\r\n        Sorry, this date is not available.    <\/ul>\r\n<\/section>\r\n\r\n<div class=\"wper-modal\">\r\n    <div class=\"wper-modal__inner\">\r\n        <div class=\"wper-modal__header\">\r\n            <button type=\"button\" class=\"wper-modal__close js-wper-close-modal\">\r\n                <svg width=\"16\" height=\"16\" viewbox=\"0 0 16 16\" fill=\"none\" class=\"svg\" xmlns=\"http:\/\/www.w3.org\/2000\/svg\"><path d=\"M16 7H3.83L9.42 1.41L8 0L0 8L8 16L9.41 14.59L3.83 9H16V7Z\" fill=\"currentColor\"\/><\/svg> <span>Continue shopping<\/span>\r\n            <\/button>\r\n        <\/div>\r\n\r\n        <iframe src=\"\" frameborder=\"0\" class=\"wper-modal__iframe\"><\/iframe>\r\n    <\/div>\r\n<\/div>\r\n\r\n<div class=\"wper-note\">\r\n    <div class=\"wper-note__inner\">\r\n        <div id=\"wperNoteRetail\" class=\"wper-note__content\">\r\n            <h5 class=\"wper-note__title\">Last tickets available only at the museum ticket office.<\/h5>\r\n\r\n            <p>We are sorry, but due to high interest, all tickets reserved for online sales are sold out.<\/p>\r\n\r\n            <p>Last few tickets are available at the castle ticket office. We recommend you visit the ticket office as soon as possible, as tickets sell out quickly.<\/p>\r\n        <\/div>\r\n\r\n        <div id=\"wperNoteSold\" class=\"wper-note__content\">\r\n            <h5 class=\"wper-note__title\">Tickets for this time slot are sold out.<\/h5>\r\n\r\n            <p>We are sorry, but due to high interest, all tickets for this tour are sold out. No tickets are available for this time slot at the castle ticket office either.<\/p>\r\n\r\n            <p>Please try to select another time slot within the day or consider visiting on a different day. We recommend monitoring our website for availability of tickets for individual tours and events.<\/p>\r\n\r\n            <p>Given the high attendance, we advise purchasing tickets well in advance online.<\/p>\r\n        <\/div>\r\n\r\n        <div class=\"wper-note__actions\">\r\n            <button type=\"submit\" class=\"wper-note__close js-wper-close-note\">Got it<\/button>\r\n        <\/div>\r\n    <\/div>\r\n<\/div>\r\n\n\n\n\n<p><strong>V&nbsp;r\u00e1mci cyklu tematick\u00fdch prehliadok \u201e\u017div\u00e9 dejiny\u201c 12. decembra 2025 o&nbsp;16.00 a&nbsp;18.00 pripravujeme pre na\u0161ich n\u00e1v\u0161tevn\u00edkov prehliadku na t\u00e9mu \u201eAristokratick\u00e9 Vianoce\u201c.<\/strong><\/p>\n\n\n\n<p>Bl\u00ed\u017ei sa najkraj\u0161ie obdobie roka \u2013 Vianoce, kres\u0165ansk\u00fd sviatok pripom\u00ednaj\u00faci narodenie Je\u017ei\u0161a Krista, ktor\u00fd je stelesnen\u00edm n\u00e1deje a l\u00e1sky, sviatky pokoja, mieru, rodiny a&nbsp;radosti. Sp\u00e1jaj\u00fa sa s&nbsp;nimi r\u00f4zne trad\u00edcie vr\u00e1tane zdobenia strom\u010dekov,&nbsp; spievania kolied, ale hlavne \u0161tedrove\u010dernej ve\u010dere a obdarovania rodiny a&nbsp;priate\u013eov. Je to \u010das, kedy sa rodiny stret\u00e1vaj\u00fa a&nbsp;vychutn\u00e1vaj\u00fa si spolo\u010dn\u00e9 chv\u00edle v&nbsp;kruhu najbli\u017e\u0161\u00edch. Podobne to bolo aj v&nbsp;d\u00e1vnej\u0161\u00edch dob\u00e1ch, ke\u010f na\u0161e ka\u0161tiele, z\u00e1mky a&nbsp;pal\u00e1ce ob\u00fdvali ich p\u00f4vodn\u00ed majitelia.<\/p>\n\n\n\n<p>Ka\u0161tie\u013e s&nbsp;n\u00e1dhern\u00fdm anglick\u00fdm parkom m\u00e1 v&nbsp;zimnom obdob\u00ed \u00fa\u017easn\u00fa atmosf\u00e9ru. Aj Andr\u00e1ssysovci tu radi tr\u00e1vili \u010das, preto\u017ee sa zachovalo mno\u017estvo \u0161portov\u00e9ho n\u00e1radia t\u00fdch najprest\u00ed\u017enej\u0161\u00edch zna\u010diek t\u00fdch \u010dias. V&nbsp;na\u0161ej bohatej zbierke historick\u00fdch fotografi\u00ed s\u00fa z\u00e1bery z&nbsp;okolit\u00fdch zasne\u017een\u00fdch kopcov, kde sa deti aj dospel\u00ed \u010dlenovia rodiny venuj\u00fa zimn\u00fdm \u0161portom aj so svojimi pr\u00edbuzn\u00fdmi z&nbsp;r\u00f4znych aristokratick\u00fdch rod\u00edn Eur\u00f3py.<\/p>\n\n\n\n<p>Nezachovala sa n\u00e1m ale fotografia s&nbsp;viano\u010dnou atmosf\u00e9rou a&nbsp;viano\u010dn\u00fdm strom\u010dekom, preto\u017ee aristokratick\u00e9 rodiny tr\u00e1vili tieto sviato\u010dn\u00e9 chv\u00edle v&nbsp;kruhu rodiny vo svojich mestsk\u00fdch pal\u00e1coch, vo svojich zimn\u00fdch s\u00eddlach, napr\u00edklad v&nbsp;pal\u00e1ci Emanuela Andr\u00e1ssyho a&nbsp;jeho syna Gejzu v&nbsp;Budape\u0161ti.<\/p>\n\n\n\n<p>Na na\u0161ej tematickej prehliadke sa dozviete, ako vyzerali pr\u00edbytky aristokratov v&nbsp;sviato\u010dnom obdob\u00ed, ako a&nbsp;\u010d\u00edm boli vyzdoben\u00e9, kedy sa objavil v&nbsp;pal\u00e1coch prv\u00fd viano\u010dn\u00fd strom\u010dek a&nbsp;kde bol umiestnen\u00fd. Budeme sa venova\u0165 aj jednej sladkosti, ktor\u00e1 nesmela ch\u00fdba\u0165 na viano\u010dnom strom\u010deku.<\/p>\n\n\n\n<p>Porozpr\u00e1vame v\u00e1m aj o&nbsp;dar\u010dekoch, \u010d\u00edm sa navz\u00e1jom aristokrati obdarovali a&nbsp;kde tieto dar\u010deky umiest\u0148ovali.<\/p>\n\n\n\n<p>Dozviete sa aj ak\u00e9 bolo sviato\u010dn\u00e9 menu, ktor\u00e9 sa objavovalo na \u0161tedrove\u010dernom stole a&nbsp;ak\u00e9 oble\u010denie zodpovedalo takejto sl\u00e1vnostnej atmosf\u00e9re.<\/p>\n\n\n\n<p>Samozrejme n\u00e1v\u0161tevn\u00edci uvidia predmety, ktor\u00e9 be\u017ene pri prehliadke ka\u0161tie\u013ea nemaj\u00fa mo\u017enos\u0165 vidie\u0165 a&nbsp;t\u00e1to v\u00fdnimo\u010dn\u00e1 prehliadka bude spestren\u00e1 aj hudobn\u00fdm prekvapen\u00edm a&nbsp;sl\u00e1vnostn\u00fa atmosf\u00e9ru dopln\u00ed aj viano\u010dn\u00e1 v\u00fdzdoba ka\u0161tie\u013ea.<\/p>\n\n\n\n<p>V\u0161etk\u00fdch v\u00e1s srde\u010dne poz\u00fdvame a&nbsp;te\u0161\u00edme sa na v\u00e1s!<\/p>\n\n\n\n<div style=\"height:50px\" aria-hidden=\"true\" class=\"wp-block-spacer\"><\/div>\n\n\n\n<p><strong>If you have any questions about online tickets, please contact us at\u00a0<a href=\"mailto:pomoc@snm-online.sk\">pomoc@snm-online.sk<\/a><\/strong><\/p>\n\n\n\n<div style=\"height:100px\" aria-hidden=\"true\" class=\"wp-block-spacer\"><\/div>","protected":false},"excerpt":{"rendered":"<p>V&nbsp;r\u00e1mci cyklu tematick\u00fdch prehliadok \u201e\u017div\u00e9 dejiny\u201c 12. decembra 2025 o&nbsp;16.00 a&nbsp;18.00 pripravujeme pre na\u0161ich n\u00e1v\u0161tevn\u00edkov prehliadku na t\u00e9mu \u201eAristokratick\u00e9 Vianoce\u201c. Bl\u00ed\u017ei sa najkraj\u0161ie obdobie roka \u2013 Vianoce, kres\u0165ansk\u00fd sviatok pripom\u00ednaj\u00faci&hellip;&nbsp;<a href=\"https:\/\/snm-online.sk\/en\/aristokraticke-vianoce\/\" class=\"\" rel=\"bookmark\">Read More &raquo;<span class=\"screen-reader-text\">Aristokratick\u00e9 Vianoce<\/span><\/a><\/p>","protected":false},"author":2,"featured_media":0,"parent":0,"menu_order":0,"comment_status":"closed","ping_status":"closed","template":"","meta":{"_eb_attr":"","neve_meta_sidebar":"","neve_meta_container":"","neve_meta_enable_content_width":"","neve_meta_content_width":0,"neve_meta_title_alignment":"","neve_meta_author_avatar":"","neve_post_elements_order":"","neve_meta_disable_header":"","neve_meta_disable_footer":"","neve_meta_disable_title":"","_themeisle_gutenberg_block_has_review":false,"footnotes":""},"class_list":["post-4792","page","type-page","status-publish","hentry"],"_links":{"self":[{"href":"https:\/\/snm-online.sk\/en\/wp-json\/wp\/v2\/pages\/4792","targetHints":{"allow":["GET"]}}],"collection":[{"href":"https:\/\/snm-online.sk\/en\/wp-json\/wp\/v2\/pages"}],"about":[{"href":"https:\/\/snm-online.sk\/en\/wp-json\/wp\/v2\/types\/page"}],"author":[{"embeddable":true,"href":"https:\/\/snm-online.sk\/en\/wp-json\/wp\/v2\/users\/2"}],"replies":[{"embeddable":true,"href":"https:\/\/snm-online.sk\/en\/wp-json\/wp\/v2\/comments?post=4792"}],"version-history":[{"count":3,"href":"https:\/\/snm-online.sk\/en\/wp-json\/wp\/v2\/pages\/4792\/revisions"}],"predecessor-version":[{"id":4800,"href":"https:\/\/snm-online.sk\/en\/wp-json\/wp\/v2\/pages\/4792\/revisions\/4800"}],"wp:attachment":[{"href":"https:\/\/snm-online.sk\/en\/wp-json\/wp\/v2\/media?parent=4792"}],"curies":[{"name":"wp","href":"https:\/\/api.w.org\/{rel}","templated":true}]}}