{"id":4846,"date":"2025-12-04T11:39:24","date_gmt":"2025-12-04T10:39:24","guid":{"rendered":"https:\/\/snm-online.sk\/?page_id=4846"},"modified":"2025-12-04T11:39:25","modified_gmt":"2025-12-04T10:39:25","slug":"mikulas-na-hrade","status":"publish","type":"page","link":"https:\/\/snm-online.sk\/en\/mikulas-na-hrade\/","title":{"rendered":"Mikul\u00e1\u0161 na hrade"},"content":{"rendered":"<div id=\"wp-block-themeisle-blocks-advanced-columns-3559dd6e\" class=\"wp-block-themeisle-blocks-advanced-columns has-1-columns has-desktop-equal-layout has-tablet-equal-layout has-mobile-equal-layout has-vertical-unset\"><div class=\"wp-block-themeisle-blocks-advanced-columns-overlay\"><\/div><div class=\"innerblocks-wrap\">\n<div id=\"wp-block-themeisle-blocks-advanced-column-e36928a2\" class=\"wp-block-themeisle-blocks-advanced-column\">\n<figure class=\"wp-block-image size-full is-resized\"><img loading=\"lazy\" decoding=\"async\" width=\"1920\" height=\"700\" src=\"https:\/\/snm-online.sk\/wp-content\/uploads\/2025\/12\/Mikulas-2.jpg\" alt=\"\" class=\"wp-image-4847\" style=\"width:1170px;height:auto\" srcset=\"https:\/\/snm-online.sk\/wp-content\/uploads\/2025\/12\/Mikulas-2.jpg 1920w, https:\/\/snm-online.sk\/wp-content\/uploads\/2025\/12\/Mikulas-2-300x109.jpg 300w, https:\/\/snm-online.sk\/wp-content\/uploads\/2025\/12\/Mikulas-2-1024x373.jpg 1024w, https:\/\/snm-online.sk\/wp-content\/uploads\/2025\/12\/Mikulas-2-768x280.jpg 768w, https:\/\/snm-online.sk\/wp-content\/uploads\/2025\/12\/Mikulas-2-1536x560.jpg 1536w\" sizes=\"auto, (max-width: 1920px) 100vw, 1920px\" \/><\/figure>\n\n\n\n<div style=\"height:20px\" aria-hidden=\"true\" class=\"wp-block-spacer\"><\/div>\n<\/div>\n<\/div><\/div>\n\n\n\n<p><strong>Please choose from the listed dates:<\/strong><\/p>\n\n\n\r\n<section class=\"mb-4\">\r\n    <nav class=\"wper-days\">\r\n        \r\n            <\/nav>\r\n\r\n    \r\n    <ul id=\"wperItems\" class=\"wper-list\">\r\n        Sorry, this date is not available.    <\/ul>\r\n<\/section>\r\n\r\n<div class=\"wper-modal\">\r\n    <div class=\"wper-modal__inner\">\r\n        <div class=\"wper-modal__header\">\r\n            <button type=\"button\" class=\"wper-modal__close js-wper-close-modal\">\r\n                <svg width=\"16\" height=\"16\" viewbox=\"0 0 16 16\" fill=\"none\" class=\"svg\" xmlns=\"http:\/\/www.w3.org\/2000\/svg\"><path d=\"M16 7H3.83L9.42 1.41L8 0L0 8L8 16L9.41 14.59L3.83 9H16V7Z\" fill=\"currentColor\"\/><\/svg> <span>Continue shopping<\/span>\r\n            <\/button>\r\n        <\/div>\r\n\r\n        <iframe src=\"\" frameborder=\"0\" class=\"wper-modal__iframe\"><\/iframe>\r\n    <\/div>\r\n<\/div>\r\n\r\n<div class=\"wper-note\">\r\n    <div class=\"wper-note__inner\">\r\n        <div id=\"wperNoteRetail\" class=\"wper-note__content\">\r\n            <h5 class=\"wper-note__title\">Last tickets available only at the museum ticket office.<\/h5>\r\n\r\n            <p>We are sorry, but due to high interest, all tickets reserved for online sales are sold out.<\/p>\r\n\r\n            <p>Last few tickets are available at the castle ticket office. We recommend you visit the ticket office as soon as possible, as tickets sell out quickly.<\/p>\r\n        <\/div>\r\n\r\n        <div id=\"wperNoteSold\" class=\"wper-note__content\">\r\n            <h5 class=\"wper-note__title\">Tickets for this time slot are sold out.<\/h5>\r\n\r\n            <p>We are sorry, but due to high interest, all tickets for this tour are sold out. No tickets are available for this time slot at the castle ticket office either.<\/p>\r\n\r\n            <p>Please try to select another time slot within the day or consider visiting on a different day. We recommend monitoring our website for availability of tickets for individual tours and events.<\/p>\r\n\r\n            <p>Given the high attendance, we advise purchasing tickets well in advance online.<\/p>\r\n        <\/div>\r\n\r\n        <div class=\"wper-note__actions\">\r\n            <button type=\"submit\" class=\"wper-note__close js-wper-close-note\">Got it<\/button>\r\n        <\/div>\r\n    <\/div>\r\n<\/div>\r\n\n\n\n\n<p>Vedeli ste \u017ee jedn\u00fdm z dvoch patr\u00f3nov \u010dervenokamenskej hradnej kaplnky je pr\u00e1ve Sv\u00e4t\u00fd Mikul\u00e1\u0161, ktor\u00fd m\u00e1 v kaplnke osaden\u00fa sochu v \u017eivotnej ve\u013ekosti?<br>Alebo to, \u017ee meno Mikul\u00e1\u0161 patrilo v minulosti k najob\u013e\u00fabenej\u0161\u00edm men\u00e1m ktor\u00e9 d\u00e1vali P\u00e1lffyovci svojim chlapcom?\u00a0<br><br>Mikul\u00e1\u0161 jednoducho k \u010cerven\u00e9mu Kame\u0148u patr\u00ed a preto pr\u00e1ve na na\u0161om hrade ho deti bud\u00fa m\u00f4c\u0165 stretn\u00fa\u0165 tak, ako ho inde nestretn\u00fa.<\/p>\n\n\n\n<p><\/p>\n\n\n\n<p>Za\u010diatok mikul\u00e1\u0161skej prehliadky je ka\u017ed\u00fa cel\u00fa hodinu od 10.00 do 15.00 hod.<\/p>\n\n\n\n<div style=\"height:50px\" aria-hidden=\"true\" class=\"wp-block-spacer\"><\/div>\n\n\n\n<p><strong>If you have any questions about online tickets, please contact us at\u00a0<a href=\"mailto:pomoc@snm-online.sk\">pomoc@snm-online.sk<\/a><\/strong><\/p>\n\n\n\n<div style=\"height:100px\" aria-hidden=\"true\" class=\"wp-block-spacer\"><\/div>","protected":false},"excerpt":{"rendered":"<p>Vyberte si pros\u00edm z ponuky d\u00e1tumov a term\u00ednov prehliadok: Vedeli ste \u017ee jedn\u00fdm z dvoch patr\u00f3nov \u010dervenokamenskej hradnej kaplnky je pr\u00e1ve Sv\u00e4t\u00fd Mikul\u00e1\u0161, ktor\u00fd m\u00e1 v kaplnke osaden\u00fa sochu v&hellip;&nbsp;<a href=\"https:\/\/snm-online.sk\/en\/mikulas-na-hrade\/\" class=\"\" rel=\"bookmark\">Read More &raquo;<span class=\"screen-reader-text\">Mikul\u00e1\u0161 na hrade<\/span><\/a><\/p>","protected":false},"author":2,"featured_media":0,"parent":0,"menu_order":0,"comment_status":"closed","ping_status":"closed","template":"","meta":{"_eb_attr":"","neve_meta_sidebar":"","neve_meta_container":"","neve_meta_enable_content_width":"","neve_meta_content_width":0,"neve_meta_title_alignment":"","neve_meta_author_avatar":"","neve_post_elements_order":"","neve_meta_disable_header":"","neve_meta_disable_footer":"","neve_meta_disable_title":"","_themeisle_gutenberg_block_has_review":false,"footnotes":""},"class_list":["post-4846","page","type-page","status-publish","hentry"],"_links":{"self":[{"href":"https:\/\/snm-online.sk\/en\/wp-json\/wp\/v2\/pages\/4846","targetHints":{"allow":["GET"]}}],"collection":[{"href":"https:\/\/snm-online.sk\/en\/wp-json\/wp\/v2\/pages"}],"about":[{"href":"https:\/\/snm-online.sk\/en\/wp-json\/wp\/v2\/types\/page"}],"author":[{"embeddable":true,"href":"https:\/\/snm-online.sk\/en\/wp-json\/wp\/v2\/users\/2"}],"replies":[{"embeddable":true,"href":"https:\/\/snm-online.sk\/en\/wp-json\/wp\/v2\/comments?post=4846"}],"version-history":[{"count":1,"href":"https:\/\/snm-online.sk\/en\/wp-json\/wp\/v2\/pages\/4846\/revisions"}],"predecessor-version":[{"id":4848,"href":"https:\/\/snm-online.sk\/en\/wp-json\/wp\/v2\/pages\/4846\/revisions\/4848"}],"wp:attachment":[{"href":"https:\/\/snm-online.sk\/en\/wp-json\/wp\/v2\/media?parent=4846"}],"curies":[{"name":"wp","href":"https:\/\/api.w.org\/{rel}","templated":true}]}}