{"id":4877,"date":"2025-12-10T09:51:38","date_gmt":"2025-12-10T08:51:38","guid":{"rendered":"https:\/\/snm-online.sk\/?page_id=4877"},"modified":"2025-12-10T11:36:05","modified_gmt":"2025-12-10T10:36:05","slug":"rozpravka-o-troch-princeznach-a-drakovi","status":"publish","type":"page","link":"https:\/\/snm-online.sk\/en\/rozpravka-o-troch-princeznach-a-drakovi\/","title":{"rendered":"ROZPR\u00c1VKA O TROCH PRINCEZN\u00c1CH A DRAKOVI"},"content":{"rendered":"<figure class=\"wp-block-image size-full is-resized\"><img loading=\"lazy\" decoding=\"async\" width=\"1920\" height=\"700\" src=\"https:\/\/snm-online.sk\/wp-content\/uploads\/2025\/12\/Rozpravka.jpg\" alt=\"\" class=\"wp-image-4878\" style=\"width:1170px;height:auto\" srcset=\"https:\/\/snm-online.sk\/wp-content\/uploads\/2025\/12\/Rozpravka.jpg 1920w, https:\/\/snm-online.sk\/wp-content\/uploads\/2025\/12\/Rozpravka-300x109.jpg 300w, https:\/\/snm-online.sk\/wp-content\/uploads\/2025\/12\/Rozpravka-1024x373.jpg 1024w, https:\/\/snm-online.sk\/wp-content\/uploads\/2025\/12\/Rozpravka-768x280.jpg 768w, https:\/\/snm-online.sk\/wp-content\/uploads\/2025\/12\/Rozpravka-1536x560.jpg 1536w\" sizes=\"auto, (max-width: 1920px) 100vw, 1920px\" \/><\/figure>\n\n\n\n<div style=\"height:20px\" aria-hidden=\"true\" class=\"wp-block-spacer\"><\/div>\n\n\n\n<p><strong>Please choose from the listed dates:<\/strong><\/p>\n\n\n\r\n<section class=\"mb-4\">\r\n    <nav class=\"wper-days\">\r\n        \r\n            <\/nav>\r\n\r\n    \r\n    <ul id=\"wperItems\" class=\"wper-list\">\r\n        Sorry, this date is not available.    <\/ul>\r\n<\/section>\r\n\r\n<div class=\"wper-modal\">\r\n    <div class=\"wper-modal__inner\">\r\n        <div class=\"wper-modal__header\">\r\n            <button type=\"button\" class=\"wper-modal__close js-wper-close-modal\">\r\n                <svg width=\"16\" height=\"16\" viewbox=\"0 0 16 16\" fill=\"none\" class=\"svg\" xmlns=\"http:\/\/www.w3.org\/2000\/svg\"><path d=\"M16 7H3.83L9.42 1.41L8 0L0 8L8 16L9.41 14.59L3.83 9H16V7Z\" fill=\"currentColor\"\/><\/svg> <span>Continue shopping<\/span>\r\n            <\/button>\r\n        <\/div>\r\n\r\n        <iframe src=\"\" frameborder=\"0\" class=\"wper-modal__iframe\"><\/iframe>\r\n    <\/div>\r\n<\/div>\r\n\r\n<div class=\"wper-note\">\r\n    <div class=\"wper-note__inner\">\r\n        <div id=\"wperNoteRetail\" class=\"wper-note__content\">\r\n            <h5 class=\"wper-note__title\">Last tickets available only at the museum ticket office.<\/h5>\r\n\r\n            <p>We are sorry, but due to high interest, all tickets reserved for online sales are sold out.<\/p>\r\n\r\n            <p>Last few tickets are available at the castle ticket office. We recommend you visit the ticket office as soon as possible, as tickets sell out quickly.<\/p>\r\n        <\/div>\r\n\r\n        <div id=\"wperNoteSold\" class=\"wper-note__content\">\r\n            <h5 class=\"wper-note__title\">Tickets for this time slot are sold out.<\/h5>\r\n\r\n            <p>We are sorry, but due to high interest, all tickets for this tour are sold out. No tickets are available for this time slot at the castle ticket office either.<\/p>\r\n\r\n            <p>Please try to select another time slot within the day or consider visiting on a different day. We recommend monitoring our website for availability of tickets for individual tours and events.<\/p>\r\n\r\n            <p>Given the high attendance, we advise purchasing tickets well in advance online.<\/p>\r\n        <\/div>\r\n\r\n        <div class=\"wper-note__actions\">\r\n            <button type=\"submit\" class=\"wper-note__close js-wper-close-note\">Got it<\/button>\r\n        <\/div>\r\n    <\/div>\r\n<\/div>\r\n\n\n\n\n<p>Tradi\u010dn\u00fd rozpr\u00e1vkov\u00fd pr\u00edbeh \u2013 vlastne pr\u00edbehy vyrozpr\u00e1van\u00e9 humorn\u00fdm sp\u00f4sobom cez klasick\u00e9 obrazy rozpr\u00e1vok n\u00e1\u0161ho detstva.<br>Kr\u00e1\u013e m\u00e1 syna, no kr\u00e1\u013eovn\u00e1 ne\u010dakane zomrie pri p\u00f4rode a tak si kr\u00e1\u013e n\u00e1jde druh\u00fa \u017eenu.<br><br>Princ si n\u00e1siln\u00fdm sp\u00f4sobom vym\u00e1ha tr\u00f3n, \u010do sa mu nedar\u00ed a tak vy\u010daruje draka, ktor\u00e9ho m\u00f4\u017ee porazi\u0165 len syn kr\u00e1\u013eovskej krvi.&nbsp;<\/p>\n\n\n\n<p>Ako z tejto \u0161lamastiky, ve\u010f predsa kr\u00e1\u013e neobetuje svojich synov?!<br>Nu\u017e rozhodne sa ich vychov\u00e1va\u0165 ako dc\u00e9ry \u2013 k\u00fdm dobr\u00e1 v\u00edla nepom\u00f4\u017ee&#8230;<\/p>\n\n\n\n<p>Bl\u00e1zniv\u00e9 komick\u00e9 situ\u00e1cie pobavia nielen deti ale i dospel\u00fdch.<\/p>\n\n\n\n<div style=\"height:50px\" aria-hidden=\"true\" class=\"wp-block-spacer\"><\/div>\n\n\n\n<p><strong>If you have any questions about online tickets, please contact us at\u00a0<a href=\"mailto:pomoc@snm-online.sk\">pomoc@snm-online.sk<\/a><\/strong><\/p>\n\n\n\n<div style=\"height:100px\" aria-hidden=\"true\" class=\"wp-block-spacer\"><\/div>","protected":false},"excerpt":{"rendered":"<p>Vyberte si pros\u00edm z ponuky d\u00e1tumov a term\u00ednov prehliadok: Tradi\u010dn\u00fd rozpr\u00e1vkov\u00fd pr\u00edbeh \u2013 vlastne pr\u00edbehy vyrozpr\u00e1van\u00e9 humorn\u00fdm sp\u00f4sobom cez klasick\u00e9 obrazy rozpr\u00e1vok n\u00e1\u0161ho detstva.Kr\u00e1\u013e m\u00e1 syna, no kr\u00e1\u013eovn\u00e1 ne\u010dakane zomrie&hellip;&nbsp;<a href=\"https:\/\/snm-online.sk\/en\/rozpravka-o-troch-princeznach-a-drakovi\/\" class=\"\" rel=\"bookmark\">Read More &raquo;<span class=\"screen-reader-text\">ROZPR\u00c1VKA O TROCH PRINCEZN\u00c1CH A DRAKOVI<\/span><\/a><\/p>","protected":false},"author":2,"featured_media":0,"parent":0,"menu_order":0,"comment_status":"closed","ping_status":"closed","template":"","meta":{"_eb_attr":"","neve_meta_sidebar":"","neve_meta_container":"","neve_meta_enable_content_width":"","neve_meta_content_width":0,"neve_meta_title_alignment":"","neve_meta_author_avatar":"","neve_post_elements_order":"","neve_meta_disable_header":"","neve_meta_disable_footer":"","neve_meta_disable_title":"","_themeisle_gutenberg_block_has_review":false,"footnotes":""},"class_list":["post-4877","page","type-page","status-publish","hentry"],"_links":{"self":[{"href":"https:\/\/snm-online.sk\/en\/wp-json\/wp\/v2\/pages\/4877","targetHints":{"allow":["GET"]}}],"collection":[{"href":"https:\/\/snm-online.sk\/en\/wp-json\/wp\/v2\/pages"}],"about":[{"href":"https:\/\/snm-online.sk\/en\/wp-json\/wp\/v2\/types\/page"}],"author":[{"embeddable":true,"href":"https:\/\/snm-online.sk\/en\/wp-json\/wp\/v2\/users\/2"}],"replies":[{"embeddable":true,"href":"https:\/\/snm-online.sk\/en\/wp-json\/wp\/v2\/comments?post=4877"}],"version-history":[{"count":2,"href":"https:\/\/snm-online.sk\/en\/wp-json\/wp\/v2\/pages\/4877\/revisions"}],"predecessor-version":[{"id":4880,"href":"https:\/\/snm-online.sk\/en\/wp-json\/wp\/v2\/pages\/4877\/revisions\/4880"}],"wp:attachment":[{"href":"https:\/\/snm-online.sk\/en\/wp-json\/wp\/v2\/media?parent=4877"}],"curies":[{"name":"wp","href":"https:\/\/api.w.org\/{rel}","templated":true}]}}