{"id":4940,"date":"2026-01-20T10:43:46","date_gmt":"2026-01-20T09:43:46","guid":{"rendered":"https:\/\/snm-online.sk\/?page_id=4940"},"modified":"2026-03-16T09:52:20","modified_gmt":"2026-03-16T08:52:20","slug":"komentovana-prehliadka-vystavy-v-sluzbach-diplomacie","status":"publish","type":"page","link":"https:\/\/snm-online.sk\/en\/komentovana-prehliadka-vystavy-v-sluzbach-diplomacie\/","title":{"rendered":"Komentovan\u00e1 prehliadka v\u00fdstavy &#8211; V slu\u017eb\u00e1ch diplomacie\u00a0"},"content":{"rendered":"<figure class=\"wp-block-image size-full is-resized\"><img loading=\"lazy\" decoding=\"async\" width=\"1920\" height=\"700\" src=\"https:\/\/snm-online.sk\/wp-content\/uploads\/2026\/03\/komentovka2_WEB1.jpg\" alt=\"\" class=\"wp-image-5118\" style=\"width:1170px;height:auto\" srcset=\"https:\/\/snm-online.sk\/wp-content\/uploads\/2026\/03\/komentovka2_WEB1.jpg 1920w, https:\/\/snm-online.sk\/wp-content\/uploads\/2026\/03\/komentovka2_WEB1-300x109.jpg 300w, https:\/\/snm-online.sk\/wp-content\/uploads\/2026\/03\/komentovka2_WEB1-1024x373.jpg 1024w, https:\/\/snm-online.sk\/wp-content\/uploads\/2026\/03\/komentovka2_WEB1-768x280.jpg 768w, https:\/\/snm-online.sk\/wp-content\/uploads\/2026\/03\/komentovka2_WEB1-1536x560.jpg 1536w\" sizes=\"auto, (max-width: 1920px) 100vw, 1920px\" \/><\/figure>\n\n\n\n<div style=\"height:15px\" aria-hidden=\"true\" class=\"wp-block-spacer\"><\/div>\n\n\n\n<p><strong><br>Please choose from the listed dates:<\/strong><\/p>\n\n\n\r\n<section class=\"mb-4\">\r\n    <nav class=\"wper-days\">\r\n        \r\n            <\/nav>\r\n\r\n    \r\n    <ul id=\"wperItems\" class=\"wper-list\">\r\n        Sorry, this date is not available.    <\/ul>\r\n<\/section>\r\n\r\n<div class=\"wper-modal\">\r\n    <div class=\"wper-modal__inner\">\r\n        <div class=\"wper-modal__header\">\r\n            <button type=\"button\" class=\"wper-modal__close js-wper-close-modal\">\r\n                <svg width=\"16\" height=\"16\" viewbox=\"0 0 16 16\" fill=\"none\" class=\"svg\" xmlns=\"http:\/\/www.w3.org\/2000\/svg\"><path d=\"M16 7H3.83L9.42 1.41L8 0L0 8L8 16L9.41 14.59L3.83 9H16V7Z\" fill=\"currentColor\"\/><\/svg> <span>Continue shopping<\/span>\r\n            <\/button>\r\n        <\/div>\r\n\r\n        <iframe src=\"\" frameborder=\"0\" class=\"wper-modal__iframe\"><\/iframe>\r\n    <\/div>\r\n<\/div>\r\n\r\n<div class=\"wper-note\">\r\n    <div class=\"wper-note__inner\">\r\n        <div id=\"wperNoteRetail\" class=\"wper-note__content\">\r\n            <h5 class=\"wper-note__title\">Last tickets available only at the museum ticket office.<\/h5>\r\n\r\n            <p>We are sorry, but due to high interest, all tickets reserved for online sales are sold out.<\/p>\r\n\r\n            <p>Last few tickets are available at the castle ticket office. We recommend you visit the ticket office as soon as possible, as tickets sell out quickly.<\/p>\r\n        <\/div>\r\n\r\n        <div id=\"wperNoteSold\" class=\"wper-note__content\">\r\n            <h5 class=\"wper-note__title\">Tickets for this time slot are sold out.<\/h5>\r\n\r\n            <p>We are sorry, but due to high interest, all tickets for this tour are sold out. No tickets are available for this time slot at the castle ticket office either.<\/p>\r\n\r\n            <p>Please try to select another time slot within the day or consider visiting on a different day. We recommend monitoring our website for availability of tickets for individual tours and events.<\/p>\r\n\r\n            <p>Given the high attendance, we advise purchasing tickets well in advance online.<\/p>\r\n        <\/div>\r\n\r\n        <div class=\"wper-note__actions\">\r\n            <button type=\"submit\" class=\"wper-note__close js-wper-close-note\">Got it<\/button>\r\n        <\/div>\r\n    <\/div>\r\n<\/div>\r\n\n\n\n\n<p>Guided tour of the exhibition&nbsp;<strong>In the Service of Diplomacy<\/strong>organized by the Slovak National Museum \u2013 Historical Museum in collaboration with the Association of Senior Slovak Diplomats, presents a selection of state decorations awarded to Slovak ambassadors abroad from 1993 to the present.<\/p>\n\n\n\n<p><em>But do you know what it takes for a Slovak diplomat to receive a state decoration? Are you curious whether the decoration comes with a financial or other reward? What level of state decoration do ambassadors receive? Is such a decoration hereditary? Come find out more!<\/em><\/p>\n\n\n\n<p><strong>This time, the guided tour of the exhibition has been prepared for you by J\u00e1n \u0160koda,<\/strong>&nbsp;a former diplomat, journalist, and spokesperson for the Ministry of Foreign Affairs from 2006 to 2009, as well as director of the Diplomatic Academy during the government\u2019s preparations for the Slovak Republic\u2019s EU Presidency (2013\u20132017).<\/p>\n\n\n\n<p>He served abroad as ambassador to the Kingdom of Spain, with concurrent accreditation to the Kingdom of Morocco and the Principality of Andorra (2009\u20132013). He was ambassador to Cyprus from 2017 to 2022.&nbsp;<strong>He is a recipient of the Spanish Order of Isabella the Catholic (2014).<\/strong><\/p>\n\n\n\n<p>The tour will take place&nbsp;<strong>on Wednesday, March 25, 2026, and will begin at 4:00 p.m. directly at the exhibition on the 2nd floor of the SNM \u2013 Historical Museum at Bratislava Castle.<\/strong>&nbsp;na Bratislavskom hrade.<\/p>\n\n\n\n<p>You can purchase tickets online or at the museum ticket office. Capacity is limited. The tour is expected to last 90 minutes.<\/p>\n\n\n\n<p><strong>More about the exhibition: In the Service of Diplomacy<\/strong><\/p>\n\n\n\n<p>The 56 decorations, compiled thanks to the cooperation of 36 former or current foreign service officers, offer a glimpse into the previously inaccessible aspects of the lives and work of diplomats. Behind each medal lie years of work by people who built official relations, cooperation, and friendship between the young Slovak Republic and countries around the world.<\/p>\n\n\n\n<p>In the exhibition *In the Service of Diplomacy*, visitors will discover the beauty of works by foreign medal makers, diplomas, sashes, and accessories illustrating award ceremonies presided over by foreign dignitaries. The display panels are complemented by brief biographies of the award recipients and a map of the countries where they served and were honored.<\/p>\n\n\n\n<p><strong>Your guide will be: J\u00e1n \u0160koda, M.Sc.<\/strong><\/p>\n\n\n\n<p>After graduating from the Faculty of Electrical Engineering at the Slovak University of Technology in Bratislava (1981), he completed a two-year postgraduate program at the Department of Journalism at Charles University in Prague and two two-year postgraduate programs in English and French at JASPEX, Comenius University in Bratislava. Professionally, he worked in journalism as a foreign policy commentator for the daily Smena (1981\u20131986), deputy editor-in-chief of the daily Pravda (1997\u20132002), deputy editor-in-chief of the weekly Form\u00e1t, and managing editor of the daily Pravda (2005). He began his career in Slovak diplomacy in 2006 as spokesperson for the Ministry of Foreign Affairs of the Slovak Republic (2006\u20132009). Later, he served as director of the Diplomatic Academy during the preparation of the civil service for the Slovak Republic\u2019s EU Presidency (2013\u20132017). Abroad, he served as ambassador to the Kingdom of Spain, with accreditation to the Kingdom of Morocco and the Principality of Andorra (2009\u20132013). He was ambassador to Cyprus from 2017 to 2022. He is a recipient of the Spanish Order of Isabella the Catholic (2014). In 1988, he published a book of reportage titled Tak\u00fa som \u0165a poznal, Nikaragua (That\u2019s How I Knew You, Nicaragua).<\/p>\n\n\n\n<div style=\"height:50px\" aria-hidden=\"true\" class=\"wp-block-spacer\"><\/div>\n\n\n\n<p><strong>If you have any questions about online tickets, please contact us at&nbsp;<a href=\"mailto:pomoc@snm-online.sk\">pomoc@snm-online.sk<\/a><\/strong><\/p>\n\n\n\n<div style=\"height:100px\" aria-hidden=\"true\" class=\"wp-block-spacer\"><\/div>","protected":false},"excerpt":{"rendered":"<p>Vyberte si pros\u00edm z ponuky d\u00e1tumov a term\u00ednov prehliadok: Komentovan\u00e1 prehliadka v\u00fdstavy&nbsp;V slu\u017eb\u00e1ch diplomacie, ktor\u00fa pripravilo SNM \u2013 Historick\u00e9 m\u00fazeum v spolupr\u00e1ci s OZ Seniori slovenskej diplomacie, predstavuje v\u00fdber \u0161t\u00e1tnych&hellip;&nbsp;<a href=\"https:\/\/snm-online.sk\/en\/komentovana-prehliadka-vystavy-v-sluzbach-diplomacie\/\" class=\"\" rel=\"bookmark\">Read More &raquo;<span class=\"screen-reader-text\">Komentovan\u00e1 prehliadka v\u00fdstavy &#8211; V slu\u017eb\u00e1ch diplomacie\u00a0<\/span><\/a><\/p>","protected":false},"author":2,"featured_media":0,"parent":0,"menu_order":0,"comment_status":"closed","ping_status":"closed","template":"","meta":{"_eb_attr":"","neve_meta_sidebar":"","neve_meta_container":"","neve_meta_enable_content_width":"","neve_meta_content_width":0,"neve_meta_title_alignment":"","neve_meta_author_avatar":"","neve_post_elements_order":"","neve_meta_disable_header":"","neve_meta_disable_footer":"","neve_meta_disable_title":"","_themeisle_gutenberg_block_has_review":false,"footnotes":""},"class_list":["post-4940","page","type-page","status-publish","hentry"],"_links":{"self":[{"href":"https:\/\/snm-online.sk\/en\/wp-json\/wp\/v2\/pages\/4940","targetHints":{"allow":["GET"]}}],"collection":[{"href":"https:\/\/snm-online.sk\/en\/wp-json\/wp\/v2\/pages"}],"about":[{"href":"https:\/\/snm-online.sk\/en\/wp-json\/wp\/v2\/types\/page"}],"author":[{"embeddable":true,"href":"https:\/\/snm-online.sk\/en\/wp-json\/wp\/v2\/users\/2"}],"replies":[{"embeddable":true,"href":"https:\/\/snm-online.sk\/en\/wp-json\/wp\/v2\/comments?post=4940"}],"version-history":[{"count":2,"href":"https:\/\/snm-online.sk\/en\/wp-json\/wp\/v2\/pages\/4940\/revisions"}],"predecessor-version":[{"id":5120,"href":"https:\/\/snm-online.sk\/en\/wp-json\/wp\/v2\/pages\/4940\/revisions\/5120"}],"wp:attachment":[{"href":"https:\/\/snm-online.sk\/en\/wp-json\/wp\/v2\/media?parent=4940"}],"curies":[{"name":"wp","href":"https:\/\/api.w.org\/{rel}","templated":true}]}}