{"id":4998,"date":"2026-02-04T09:25:08","date_gmt":"2026-02-04T08:25:08","guid":{"rendered":"https:\/\/snm-online.sk\/?page_id=4998"},"modified":"2026-04-28T15:13:45","modified_gmt":"2026-04-28T13:13:45","slug":"medzi-povinnostou-a-tuzbou","status":"publish","type":"page","link":"https:\/\/snm-online.sk\/en\/medzi-povinnostou-a-tuzbou\/","title":{"rendered":"Medzi povinnos\u0165ou a t\u00fa\u017ebou"},"content":{"rendered":"<h2 class=\"wp-block-heading\">Materstvo v \u0161\u013eachtick\u00fdch rodin\u00e1ch<\/h2>\n\n\n\n<div style=\"height:20px\" aria-hidden=\"true\" class=\"wp-block-spacer\"><\/div>\n\n\n\n<figure class=\"wp-block-image size-full\"><img loading=\"lazy\" decoding=\"async\" width=\"1920\" height=\"700\" src=\"https:\/\/snm-online.sk\/wp-content\/uploads\/2026\/04\/SNM-web-2-1920-x-700-px-1.jpg\" alt=\"\" class=\"wp-image-5286\" srcset=\"https:\/\/snm-online.sk\/wp-content\/uploads\/2026\/04\/SNM-web-2-1920-x-700-px-1.jpg 1920w, https:\/\/snm-online.sk\/wp-content\/uploads\/2026\/04\/SNM-web-2-1920-x-700-px-1-300x109.jpg 300w, https:\/\/snm-online.sk\/wp-content\/uploads\/2026\/04\/SNM-web-2-1920-x-700-px-1-1024x373.jpg 1024w, https:\/\/snm-online.sk\/wp-content\/uploads\/2026\/04\/SNM-web-2-1920-x-700-px-1-768x280.jpg 768w, https:\/\/snm-online.sk\/wp-content\/uploads\/2026\/04\/SNM-web-2-1920-x-700-px-1-1536x560.jpg 1536w, https:\/\/snm-online.sk\/wp-content\/uploads\/2026\/04\/SNM-web-2-1920-x-700-px-1-18x7.jpg 18w\" sizes=\"auto, (max-width: 1920px) 100vw, 1920px\" \/><\/figure>\n\n\n\n<div style=\"height:15px\" aria-hidden=\"true\" class=\"wp-block-spacer\"><\/div>\n\n\n\n<p><strong>Please choose from the listed dates:<\/strong><\/p>\n\n\n\r\n<section class=\"mb-4\">\r\n    <nav class=\"wper-days\">\r\n                    <span class=\"wper-days__item js-wper-change-day active\" data-date=\"2026-05-09\">\r\n                <span class=\"long\">Saturday 9.5.<\/span>\r\n                <span class=\"short\">Sat 9.5.<\/span>\r\n            <\/span>\r\n        \r\n            <\/nav>\r\n\r\n    \r\n    <ul id=\"wperItems\" class=\"wper-list\">\r\n            <li class=\"wper-item\">\r\n        <div class=\"wper-item__content\">\r\n            <div>\r\n                <strong>Between Duty and Desire: Motherhood in Aristocratic Families<\/strong><br>9.5. \u00b7 18:00            <\/div>\r\n\r\n            <div class=\"wper-item__meta\">\r\n                Available 30            <\/div>\r\n        <\/div>\r\n\r\n                    <span>\r\n                                    <a href=\"https:\/\/shop.snm.entradio.sk\/tourTimeSlot\/142255?gatewayButtonTarget=_top&theme=bronzeBrown&localeCode=en\" class=\"wper-button js-wper-show-modal\" target=\"_blank\">\r\n                        <svg width=\"16\" height=\"16\" viewbox=\"0 0 16 16\" fill=\"none\" class=\"svg\" xmlns=\"http:\/\/www.w3.org\/2000\/svg\"><path d=\"M5.25 12.5C4.425 12.5 3.7575 13.175 3.7575 14C3.7575 14.825 4.425 15.5 5.25 15.5C6.075 15.5 6.75 14.825 6.75 14C6.75 13.175 6.075 12.5 5.25 12.5ZM0.75 0.5V2H2.25L4.95 7.6925L3.9375 9.53C3.8175 9.74 3.75 9.9875 3.75 10.25C3.75 11.075 4.425 11.75 5.25 11.75H14.25V10.25H5.565C5.46 10.25 5.3775 10.1675 5.3775 10.0625L5.4 9.9725L6.075 8.75H11.6625C12.225 8.75 12.72 8.4425 12.975 7.9775L15.66 3.11C15.72 3.005 15.75 2.8775 15.75 2.75C15.75 2.3375 15.4125 2 15 2H3.9075L3.2025 0.5H0.75ZM12.75 12.5C11.925 12.5 11.2575 13.175 11.2575 14C11.2575 14.825 11.925 15.5 12.75 15.5C13.575 15.5 14.25 14.825 14.25 14C14.25 13.175 13.575 12.5 12.75 12.5Z\" fill=\"currentColor\"\/><\/svg> <span>Tickets<\/span>\r\n                    <\/a>\r\n                            <\/span>\r\n            <\/li>\r\n    <\/ul>\r\n<\/section>\r\n\r\n<div class=\"wper-modal\">\r\n    <div class=\"wper-modal__inner\">\r\n        <div class=\"wper-modal__header\">\r\n            <button type=\"button\" class=\"wper-modal__close js-wper-close-modal\">\r\n                <svg width=\"16\" height=\"16\" viewbox=\"0 0 16 16\" fill=\"none\" class=\"svg\" xmlns=\"http:\/\/www.w3.org\/2000\/svg\"><path d=\"M16 7H3.83L9.42 1.41L8 0L0 8L8 16L9.41 14.59L3.83 9H16V7Z\" fill=\"currentColor\"\/><\/svg> <span>Continue shopping<\/span>\r\n            <\/button>\r\n        <\/div>\r\n\r\n        <iframe src=\"\" frameborder=\"0\" class=\"wper-modal__iframe\"><\/iframe>\r\n    <\/div>\r\n<\/div>\r\n\r\n<div class=\"wper-note\">\r\n    <div class=\"wper-note__inner\">\r\n        <div id=\"wperNoteRetail\" class=\"wper-note__content\">\r\n            <h5 class=\"wper-note__title\">Last tickets available only at the museum ticket office.<\/h5>\r\n\r\n            <p>We are sorry, but due to high interest, all tickets reserved for online sales are sold out.<\/p>\r\n\r\n            <p>Last few tickets are available at the castle ticket office. We recommend you visit the ticket office as soon as possible, as tickets sell out quickly.<\/p>\r\n        <\/div>\r\n\r\n        <div id=\"wperNoteSold\" class=\"wper-note__content\">\r\n            <h5 class=\"wper-note__title\">Tickets for this time slot are sold out.<\/h5>\r\n\r\n            <p>We are sorry, but due to high interest, all tickets for this tour are sold out. No tickets are available for this time slot at the castle ticket office either.<\/p>\r\n\r\n            <p>Please try to select another time slot within the day or consider visiting on a different day. We recommend monitoring our website for availability of tickets for individual tours and events.<\/p>\r\n\r\n            <p>Given the high attendance, we advise purchasing tickets well in advance online.<\/p>\r\n        <\/div>\r\n\r\n        <div class=\"wper-note__actions\">\r\n            <button type=\"submit\" class=\"wper-note__close js-wper-close-note\">Got it<\/button>\r\n        <\/div>\r\n    <\/div>\r\n<\/div>\r\n\n\n\n\n<p><strong>Medzi povinnos\u0165ou a&nbsp;t\u00fa\u017ebou. Materstvo v \u0161\u013eachtick\u00fdch rodin\u00e1ch<\/strong><\/p>\n\n\n\n<p>\u010co znamenalo v minulosti pre urodzen\u00e9 d\u00e1my sta\u0165 sa matkou?&nbsp;<\/p>\n\n\n\n<p>Ak\u00e9 mohli ma\u0165 \u0161\u013eachti\u010dn\u00e9 z \u010dias renesancie \u010di baroka vz\u0165ahy k vlastn\u00fdm de\u0165om?&nbsp;<\/p>\n\n\n\n<p>A \u010do si mo\u017eno predstavi\u0165 pod aristokratickou v\u00fdchovou?&nbsp;<\/p>\n\n\n\n<p>9. m\u00e1ja, v predve\u010der medzin\u00e1rodn\u00e9ho d\u0148a matiek zist\u00edte na konkr\u00e9tnych pr\u00edkladoch z minulosti,\u00a0\u010di materstvo bolo pre \u0161\u013eachti\u010dn\u00e9 v\u00fdlu\u010dne povinnos\u0165ou alebo mohli po ratolestiach tie\u017e t\u00fa\u017ei\u0165 a rozv\u00edja\u0165 s nimi po ich naroden\u00ed aj hlb\u0161ie city.\u00a0<\/p>\n\n\n\n<p>M\u00e1jov\u00e9 podujatie Medzi povinnos\u0165ou a t\u00fa\u017ebou vo\u013ene nadv\u00e4zuje na valent\u00ednske prehliadky,\u00a0 ktor\u00e9 predstavili niektor\u00e9 z pod\u00f4b \u0161\u013eachtickej l\u00e1sky.\u00a0<\/p>\n\n\n\n<p>Aj tentokr\u00e1t budeme h\u013eada\u0165 odpovede na \u0161peci\u00e1lnych ve\u010dern\u00fdch prehliadkach,\u00a0zameran\u00fdch na vybran\u00e9 zbierkov\u00e9 predmety v hradnej expoz\u00edcii, v spojen\u00ed s romantickou gitarovou hudbou pri svie\u010dkach.<br><br><br><\/p>\n\n\n\n<p class=\"has-text-color has-link-color has-medium-font-size wp-elements-71ada7d2e790f2e685399e511b55245a\" style=\"color:#d61d14\"><strong>Podujatie je ur\u010den\u00e9 v\u00fdhradne pre dospel\u00fdch n\u00e1v\u0161tevn\u00edkov.<\/strong><\/p>\n\n\n\n<div style=\"height:50px\" aria-hidden=\"true\" class=\"wp-block-spacer\"><\/div>\n\n\n\n<p><br><strong>If you have any questions about online tickets, please contact us at&nbsp;<\/strong><a href=\"mailto:pomoc@snm-online.sk\">pomoc@snm-online.sk<\/a><\/p>\n\n\n\n<div style=\"height:100px\" aria-hidden=\"true\" class=\"wp-block-spacer\"><\/div>","protected":false},"excerpt":{"rendered":"<p>Materstvo v \u0161\u013eachtick\u00fdch rodin\u00e1ch Vyberte si pros\u00edm z ponuky d\u00e1tumov \/ Please choose from the listed dates: Medzi povinnos\u0165ou a&nbsp;t\u00fa\u017ebou. Materstvo v \u0161\u013eachtick\u00fdch rodin\u00e1ch \u010co znamenalo v minulosti pre urodzen\u00e9&hellip;&nbsp;<a href=\"https:\/\/snm-online.sk\/en\/medzi-povinnostou-a-tuzbou\/\" class=\"\" rel=\"bookmark\">Read More &raquo;<span class=\"screen-reader-text\">Medzi povinnos\u0165ou a t\u00fa\u017ebou<\/span><\/a><\/p>","protected":false},"author":2,"featured_media":0,"parent":0,"menu_order":0,"comment_status":"closed","ping_status":"closed","template":"","meta":{"_eb_attr":"","neve_meta_sidebar":"","neve_meta_container":"","neve_meta_enable_content_width":"","neve_meta_content_width":0,"neve_meta_title_alignment":"","neve_meta_author_avatar":"","neve_post_elements_order":"","neve_meta_disable_header":"","neve_meta_disable_footer":"","neve_meta_disable_title":"","_themeisle_gutenberg_block_has_review":false,"footnotes":""},"class_list":["post-4998","page","type-page","status-publish","hentry"],"_links":{"self":[{"href":"https:\/\/snm-online.sk\/en\/wp-json\/wp\/v2\/pages\/4998","targetHints":{"allow":["GET"]}}],"collection":[{"href":"https:\/\/snm-online.sk\/en\/wp-json\/wp\/v2\/pages"}],"about":[{"href":"https:\/\/snm-online.sk\/en\/wp-json\/wp\/v2\/types\/page"}],"author":[{"embeddable":true,"href":"https:\/\/snm-online.sk\/en\/wp-json\/wp\/v2\/users\/2"}],"replies":[{"embeddable":true,"href":"https:\/\/snm-online.sk\/en\/wp-json\/wp\/v2\/comments?post=4998"}],"version-history":[{"count":4,"href":"https:\/\/snm-online.sk\/en\/wp-json\/wp\/v2\/pages\/4998\/revisions"}],"predecessor-version":[{"id":5289,"href":"https:\/\/snm-online.sk\/en\/wp-json\/wp\/v2\/pages\/4998\/revisions\/5289"}],"wp:attachment":[{"href":"https:\/\/snm-online.sk\/en\/wp-json\/wp\/v2\/media?parent=4998"}],"curies":[{"name":"wp","href":"https:\/\/api.w.org\/{rel}","templated":true}]}}