{"id":519,"date":"2024-05-09T15:54:16","date_gmt":"2024-05-09T13:54:16","guid":{"rendered":"https:\/\/snm-online.sk\/?page_id=519"},"modified":"2024-11-25T10:26:58","modified_gmt":"2024-11-25T09:26:58","slug":"spissky-hrad-2","status":"publish","type":"page","link":"https:\/\/snm-online.sk\/en\/spissky-hrad-2\/","title":{"rendered":"Spi\u0161sk\u00fd hrad &#8211; Prehliadka"},"content":{"rendered":"\n<div id=\"wp-block-themeisle-blocks-advanced-columns-5217a6e8\" class=\"wp-block-themeisle-blocks-advanced-columns has-1-columns has-desktop-equal-layout has-tablet-equal-layout has-mobile-equal-layout has-vertical-unset\"><div class=\"wp-block-themeisle-blocks-advanced-columns-overlay\"><\/div><div class=\"innerblocks-wrap\">\n<div id=\"wp-block-themeisle-blocks-advanced-column-3ac0b454\" class=\"wp-block-themeisle-blocks-advanced-column\"><div class=\"wp-block-image\">\n<figure class=\"aligncenter size-large\"><img loading=\"lazy\" decoding=\"async\" width=\"1024\" height=\"312\" src=\"https:\/\/snm-online.sk\/wp-content\/uploads\/2024\/05\/Spissky-hrad-1-1-1024x312.jpg\" alt=\"\" class=\"wp-image-684\" srcset=\"https:\/\/snm-online.sk\/wp-content\/uploads\/2024\/05\/Spissky-hrad-1-1-1024x312.jpg 1024w, https:\/\/snm-online.sk\/wp-content\/uploads\/2024\/05\/Spissky-hrad-1-1-300x91.jpg 300w, https:\/\/snm-online.sk\/wp-content\/uploads\/2024\/05\/Spissky-hrad-1-1-768x234.jpg 768w, https:\/\/snm-online.sk\/wp-content\/uploads\/2024\/05\/Spissky-hrad-1-1.jpg 1170w\" sizes=\"auto, (max-width: 1024px) 100vw, 1024px\" \/><\/figure>\n<\/div><\/div>\n<\/div><\/div>\n\n\n\n<p><\/p>\n\n\n\n<p><strong>Vyberte si pros\u00edm z ponuky d\u00e1tumov a term\u00ednov prehliadok:<\/strong><\/p>\n\n\n\r\n<section class=\"mb-4\">\r\n    <nav class=\"wper-days\">\r\n                    <span class=\"wper-days__item js-wper-change-day active\" data-date=\"2026-05-01\">\r\n                <span class=\"long\">Today<\/span>\r\n                <span class=\"short\">Today<\/span>\r\n            <\/span>\r\n                    <span class=\"wper-days__item js-wper-change-day \" data-date=\"2026-05-02\">\r\n                <span class=\"long\">Tomorrow<\/span>\r\n                <span class=\"short\">Tomorrow<\/span>\r\n            <\/span>\r\n                    <span class=\"wper-days__item js-wper-change-day \" data-date=\"2026-05-03\">\r\n                <span class=\"long\">Sunday 3.5.<\/span>\r\n                <span class=\"short\">Sun 3.5.<\/span>\r\n            <\/span>\r\n                    <span class=\"wper-days__item js-wper-change-day \" data-date=\"2026-05-04\">\r\n                <span class=\"long\">Monday 4.5.<\/span>\r\n                <span class=\"short\">Mon 4.5.<\/span>\r\n            <\/span>\r\n                    <span class=\"wper-days__item js-wper-change-day \" data-date=\"2026-05-05\">\r\n                <span class=\"long\">Tuesday 5.5.<\/span>\r\n                <span class=\"short\">Tue 5.5.<\/span>\r\n            <\/span>\r\n                    <span class=\"wper-days__item js-wper-change-day \" data-date=\"2026-05-06\">\r\n                <span class=\"long\">Wednesday 6.5.<\/span>\r\n                <span class=\"short\">Wed 6.5.<\/span>\r\n            <\/span>\r\n                    <span class=\"wper-days__item js-wper-change-day \" data-date=\"2026-05-07\">\r\n                <span class=\"long\">Thursday 7.5.<\/span>\r\n                <span class=\"short\">Thu 7.5.<\/span>\r\n            <\/span>\r\n        \r\n                    <div class=\"wper-days__ite\">\r\n                <input type=\"text\" id=\"wperDatepickerInput\" class=\"wper-datepicker-input\" placeholder=\"Other date\" data-min-date=\"2026-05-01\"  readonly>\r\n            <\/div>\r\n            <\/nav>\r\n\r\n    \r\n    <ul id=\"wperItems\" class=\"wper-list\">\r\n            <li class=\"wper-item \">\r\n        <div class=\"wper-item__content\">\r\n            <div>\r\n                <strong>Spi\u0161sk\u00fd hrad<\/strong><br>Today \u00b7 09:00 - 17:00            <\/div>\r\n\r\n            <div class=\"wper-item__meta\">\r\n                            <\/div>\r\n        <\/div>\r\n\r\n                    <span>\r\n                                    <a href=\"https:\/\/shop.snm.entradio.sk\/tourTimeSlot\/147095?gatewayButtonTarget=_top&theme=bronzeBrown&localeCode=en\" class=\"wper-button js-wper-show-modal\" target=\"_blank\">\r\n                        <svg width=\"16\" height=\"16\" viewBox=\"0 0 16 16\" fill=\"none\" class=\"svg\" xmlns=\"http:\/\/www.w3.org\/2000\/svg\"><path d=\"M5.25 12.5C4.425 12.5 3.7575 13.175 3.7575 14C3.7575 14.825 4.425 15.5 5.25 15.5C6.075 15.5 6.75 14.825 6.75 14C6.75 13.175 6.075 12.5 5.25 12.5ZM0.75 0.5V2H2.25L4.95 7.6925L3.9375 9.53C3.8175 9.74 3.75 9.9875 3.75 10.25C3.75 11.075 4.425 11.75 5.25 11.75H14.25V10.25H5.565C5.46 10.25 5.3775 10.1675 5.3775 10.0625L5.4 9.9725L6.075 8.75H11.6625C12.225 8.75 12.72 8.4425 12.975 7.9775L15.66 3.11C15.72 3.005 15.75 2.8775 15.75 2.75C15.75 2.3375 15.4125 2 15 2H3.9075L3.2025 0.5H0.75ZM12.75 12.5C11.925 12.5 11.2575 13.175 11.2575 14C11.2575 14.825 11.925 15.5 12.75 15.5C13.575 15.5 14.25 14.825 14.25 14C14.25 13.175 13.575 12.5 12.75 12.5Z\" fill=\"currentColor\"\/><\/svg> <span>Tickets<\/span>\r\n                    <\/a>\r\n                            <\/span>\r\n            <\/li>\r\n    <\/ul>\r\n<\/section>\r\n\r\n<div class=\"wper-modal\">\r\n    <div class=\"wper-modal__inner\">\r\n        <div class=\"wper-modal__header\">\r\n            <button type=\"button\" class=\"wper-modal__close js-wper-close-modal\">\r\n                <svg width=\"16\" height=\"16\" viewBox=\"0 0 16 16\" fill=\"none\" class=\"svg\" xmlns=\"http:\/\/www.w3.org\/2000\/svg\"><path d=\"M16 7H3.83L9.42 1.41L8 0L0 8L8 16L9.41 14.59L3.83 9H16V7Z\" fill=\"currentColor\"\/><\/svg> <span>Continue shopping<\/span>\r\n            <\/button>\r\n        <\/div>\r\n\r\n        <iframe src=\"\" frameborder=\"0\" class=\"wper-modal__iframe\"><\/iframe>\r\n    <\/div>\r\n<\/div>\r\n\r\n<div class=\"wper-note\">\r\n    <div class=\"wper-note__inner\">\r\n        <div id=\"wperNoteRetail\" class=\"wper-note__content\">\r\n            <h5 class=\"wper-note__title\">Last tickets available only at the museum ticket office.<\/h5>\r\n\r\n            <p>We are sorry, but due to high interest, all tickets reserved for online sales are sold out.<\/p>\r\n\r\n            <p>Last few tickets are available at the castle ticket office. We recommend you visit the ticket office as soon as possible, as tickets sell out quickly.<\/p>\r\n        <\/div>\r\n\r\n        <div id=\"wperNoteSold\" class=\"wper-note__content\">\r\n            <h5 class=\"wper-note__title\">Tickets for this time slot are sold out.<\/h5>\r\n\r\n            <p>We are sorry, but due to high interest, all tickets for this tour are sold out. No tickets are available for this time slot at the castle ticket office either.<\/p>\r\n\r\n            <p>Please try to select another time slot within the day or consider visiting on a different day. We recommend monitoring our website for availability of tickets for individual tours and events.<\/p>\r\n\r\n            <p>Given the high attendance, we advise purchasing tickets well in advance online.<\/p>\r\n        <\/div>\r\n\r\n        <div class=\"wper-note__actions\">\r\n            <button type=\"submit\" class=\"wper-note__close js-wper-close-note\">Got it<\/button>\r\n        <\/div>\r\n    <\/div>\r\n<\/div>\r\n\n\n\n\n<p class=\"has-medium-font-size\"><strong>Spi\u0161sk\u00fd hrad<\/strong><\/p>\n\n\n\n<p>Spi\u0161sk\u00fd hrad je unik\u00e1tny pr\u00edklad v\u00fdvoja hradnej architekt\u00fary nielen na Spi\u0161i, ale aj v celoslovenskom a eur\u00f3pskom kontexte. Jeho plo\u0161ne rozsiahla rom\u00e1nska dispoz\u00edcia z 13. storo\u010dia je dokladom obrannej a obytnej funkcie hradu s opevnen\u00fdm hradn\u00fdm jadrom (akropolou), rom\u00e1nskym predhrad\u00edm, ref\u00fagiom a dochovan\u00fdmi typologick\u00fdmi stavebn\u00fdmi druhmi, ako s\u00fa obrann\u00e9 ve\u017ee, obytn\u00fd kr\u00e1\u013eovsk\u00fd pal\u00e1c, cisterna, vstupn\u00e9 br\u00e1ny (ve\u017ee). T\u00e1to podoba sa vo v\u00fdraznej miere zachovala jasne \u010ditate\u013en\u00e1 dodnes. Podobne aj v\u0161etky \u010fal\u0161ie slohov\u00e9 prestavby s\u00fa dokladom stavebn\u00e9ho v\u00fdvoja hradu a premien jeho funkcie, spo\u010diatku ako kr\u00e1\u013eovsk\u00e9ho s\u00eddla a nesk\u00f4r ako \u0161\u013eachtickej rezidencie.&nbsp;<\/p>\n\n\n\n<div id=\"wp-block-themeisle-blocks-advanced-columns-343fbedf\" class=\"wp-block-themeisle-blocks-advanced-columns has-1-columns has-desktop-equal-layout has-tablet-equal-layout has-mobile-equal-layout has-vertical-unset\"><div class=\"wp-block-themeisle-blocks-advanced-columns-overlay\"><\/div><div class=\"innerblocks-wrap\">\n<div id=\"wp-block-themeisle-blocks-advanced-column-3d6287fa\" class=\"wp-block-themeisle-blocks-advanced-column\">\n<details class=\"wp-block-details is-layout-flow wp-block-details-is-layout-flow\" style=\"font-size:18px\"><summary>Otv\u00e1racie hodiny<br><\/summary>\n<p><strong>M\u00e1j \u2013 september<\/strong><br>Denne: 09.00 \u2013 19.00 h, posledn\u00fd vstup do hradu o 18.00 h<br><strong>Okt\u00f3ber a apr\u00edl<\/strong><br>Denne: 09.00 \u2013 17.00 h, posledn\u00fd vstup o 16.00 h<br><strong>November<\/strong><br>Otvoren\u00e9 do odvolania: 9.00 \u2013 16.00 h, posledn\u00fd vstup pre n\u00e1v\u0161tevn\u00edkov je o 15.00 h<br><strong>December \u2013 marec<\/strong><br>Spi\u0161sk\u00fd hrad zatvoren\u00fd.<\/p>\n<\/details>\n<\/div>\n<\/div><\/div>\n\n\n\n<div id=\"wp-block-themeisle-blocks-advanced-columns-f2ee5e52\" class=\"wp-block-themeisle-blocks-advanced-columns has-1-columns has-desktop-equal-layout has-tablet-equal-layout has-mobile-equal-layout has-vertical-unset\"><div class=\"wp-block-themeisle-blocks-advanced-columns-overlay\"><\/div><div class=\"innerblocks-wrap\">\n<div id=\"wp-block-themeisle-blocks-advanced-column-d916b2c7\" class=\"wp-block-themeisle-blocks-advanced-column\">\n<details class=\"wp-block-details is-layout-flow wp-block-details-is-layout-flow\" style=\"font-size:18px\"><summary>Kontakt<br><\/summary>\n<p>e-mail: info@spisskemuzeum.com<br>telef\u00f3n: +421 53 454 13 36<\/p>\n<\/details>\n<\/div>\n<\/div><\/div>\n\n\n\n<div id=\"wp-block-themeisle-blocks-advanced-columns-de0b6989\" class=\"wp-block-themeisle-blocks-advanced-columns has-1-columns has-desktop-equal-layout has-tablet-equal-layout has-mobile-equal-layout has-vertical-unset\"><div class=\"wp-block-themeisle-blocks-advanced-columns-overlay\"><\/div><div class=\"innerblocks-wrap\">\n<div id=\"wp-block-themeisle-blocks-advanced-column-c5b21b55\" class=\"wp-block-themeisle-blocks-advanced-column\">\n<details class=\"wp-block-details is-layout-flow wp-block-details-is-layout-flow\" style=\"font-size:18px\"><summary>Kde n\u00e1s n\u00e1jdete<br><\/summary><div style=\"height:400pxpx;\" class=\"wp-block-themeisle-blocks-leaflet-map\" id=\"wp-block-themeisle-blocks-leaflet-map-436d51b7\"><\/div>\n<script type=\"text\/javascript\">\n\t\/* <![CDATA[ *\/\n\t\tif ( ! window.themeisleLeafletMaps ) window.themeisleLeafletMaps =[];\n\t\twindow.themeisleLeafletMaps.push( { container: \"wp-block-themeisle-blocks-leaflet-map-436d51b7\", attributes: {\"id\":\"wp-block-themeisle-blocks-leaflet-map-436d51b7\",\"location\":\"Spi\\u0161sk\\u00fd hrad\",\"latitude\":\"48.999434\",\"longitude\":\"20.76803014952728\",\"bbox\":\"20.74291706085205,48.99379123543698,20.793128013610843,49.005053365624875\",\"zoom\":15,\"markers\":[{\"id\":\"e40a8e93-4956-4465-97e6-f2442e8bc8a4\",\"latitude\":48.99943400000000082172846305184066295623779296875,\"longitude\":20.768030149527280769916615099646151065826416015625,\"title\":\"Spi\\u0161sk\\u00fd hrad\",\"description\":\"\",\"location\":\"Spi\\u0161sk\\u00fd hrad\"}],\"height\":\"400px\",\"zoomControl\":true,\"draggable\":true,\"hasCustomCSS\":false,\"customCSS\":\"\",\"TrpContentRestriction\":{\"restriction_type\":\"exclude\",\"selected_languages\":[],\"panel_open\":true},\"otterConditions\":[]} } );\n\t\/* ]]> *\/\n<\/script>\n<\/details>\n<\/div>\n<\/div><\/div>\n\n\n\n<div style=\"height:30px\" aria-hidden=\"true\" class=\"wp-block-spacer\"><\/div>\n\n\n\n<div id=\"wp-block-themeisle-blocks-advanced-columns-05fc55ae\" class=\"wp-block-themeisle-blocks-advanced-columns has-1-columns has-desktop-equal-layout has-tablet-equal-layout has-mobile-equal-layout has-vertical-unset\"><div class=\"wp-block-themeisle-blocks-advanced-columns-overlay\"><\/div><div class=\"innerblocks-wrap\">\n<div id=\"wp-block-themeisle-blocks-advanced-column-88dadfc6\" class=\"wp-block-themeisle-blocks-advanced-column\">\n<h6 class=\"wp-block-heading\">V pr\u00edpade ot\u00e1zok t\u00fdkaj\u00facich sa online n\u00e1kupu vstupeniek n\u00e1s kontaktujte na email <a href=\"mailto:pomoc@snm-online.sk\">pomoc@snm-online.sk<\/a><\/h6>\n<\/div>\n<\/div><\/div>\n\n\n\n<div style=\"height:112px\" aria-hidden=\"true\" class=\"wp-block-spacer\"><\/div>\n","protected":false},"excerpt":{"rendered":"<p>Vyberte si pros\u00edm z ponuky d\u00e1tumov a term\u00ednov prehliadok: Spi\u0161sk\u00fd hrad Spi\u0161sk\u00fd hrad je unik\u00e1tny pr\u00edklad v\u00fdvoja hradnej architekt\u00fary nielen na Spi\u0161i, ale aj v celoslovenskom a eur\u00f3pskom kontexte. Jeho&hellip;&nbsp;<a href=\"https:\/\/snm-online.sk\/en\/spissky-hrad-2\/\" class=\"\" rel=\"bookmark\">Read More &raquo;<span class=\"screen-reader-text\">Spi\u0161sk\u00fd hrad &#8211; Prehliadka<\/span><\/a><\/p>","protected":false},"author":2,"featured_media":0,"parent":0,"menu_order":0,"comment_status":"closed","ping_status":"closed","template":"","meta":{"_eb_attr":"","neve_meta_sidebar":"","neve_meta_container":"","neve_meta_enable_content_width":"","neve_meta_content_width":0,"neve_meta_title_alignment":"","neve_meta_author_avatar":"","neve_post_elements_order":"","neve_meta_disable_header":"","neve_meta_disable_footer":"","neve_meta_disable_title":"","_themeisle_gutenberg_block_has_review":false,"footnotes":""},"class_list":["post-519","page","type-page","status-publish","hentry"],"_links":{"self":[{"href":"https:\/\/snm-online.sk\/en\/wp-json\/wp\/v2\/pages\/519","targetHints":{"allow":["GET"]}}],"collection":[{"href":"https:\/\/snm-online.sk\/en\/wp-json\/wp\/v2\/pages"}],"about":[{"href":"https:\/\/snm-online.sk\/en\/wp-json\/wp\/v2\/types\/page"}],"author":[{"embeddable":true,"href":"https:\/\/snm-online.sk\/en\/wp-json\/wp\/v2\/users\/2"}],"replies":[{"embeddable":true,"href":"https:\/\/snm-online.sk\/en\/wp-json\/wp\/v2\/comments?post=519"}],"version-history":[{"count":37,"href":"https:\/\/snm-online.sk\/en\/wp-json\/wp\/v2\/pages\/519\/revisions"}],"predecessor-version":[{"id":1818,"href":"https:\/\/snm-online.sk\/en\/wp-json\/wp\/v2\/pages\/519\/revisions\/1818"}],"wp:attachment":[{"href":"https:\/\/snm-online.sk\/en\/wp-json\/wp\/v2\/media?parent=519"}],"curies":[{"name":"wp","href":"https:\/\/api.w.org\/{rel}","templated":true}]}}