{"id":602,"date":"2024-05-13T11:08:11","date_gmt":"2024-05-13T09:08:11","guid":{"rendered":"https:\/\/snm-online.sk\/?page_id=602"},"modified":"2026-03-18T17:23:49","modified_gmt":"2026-03-18T16:23:49","slug":"bratislavsky-hrad-prehliadka","status":"publish","type":"page","link":"https:\/\/snm-online.sk\/en\/bratislavsky-hrad-prehliadka\/","title":{"rendered":"The interior of Bratislava Castle and the Northern Walls"},"content":{"rendered":"<h3 class=\"wp-block-heading\">Museum of History - Slovak National Museum<\/h3>\n\n\n\n<p><strong>Explore the history of Slovakia and Bratislava Castle inside the Slovak National Museum \u2013 Museum of History.<\/strong><\/p>\n\n\n\n<p><em>Meet the Celts from Bratislava<\/em> in the Castle\u2019s basement, <em>history of the building<\/em> on the ground floor, the Baroque Staircase, Northern State Rooms, the permanent exhibitions <em>\u201eAltar as an Object\u201c<\/em> and <em>\u201eHistory of Slovakia\u201c from Prehistory to the Middle Ages.<\/em> Plus, don\u2019t miss the Treasury, the Crown Tower, and temporary exhibitions on the ground, second, and third floors. Your ticket also includes access to the African art exhibition in the Northern Defensive Walls.<\/p>\n\n\n\n<p>Explore the history of Slovakia and Bratislava Castle inside the Slovak National Museum \u2013 Museum of History.<\/p>\n\n\n\n<p><strong>This ticket does not include entry to the exhibition <em>Marie Antoinette<\/em> v Rytierskej sieni Bratislavsk\u00e9ho hradu. Pokia\u013e by ste chceli vidie\u0165 v\u0161etky v\u00fdstavy a expoz\u00edcie, ktor\u00e9 interi\u00e9r Bratislavsk\u00e9ho hradu pon\u00faka, zak\u00fapte si kompletn\u00fa vstupenku <em><a href=\"https:\/\/snm-online.sk\/en\/historicke-muzeum-vystava-marie-antoinette-rytierska-sien\/\" data-type=\"page\" data-id=\"3435\">Marie Antoinette + SNM - Museum of History<\/a><\/em>.<\/strong><\/p>\n\n\n\n<p><\/p>\n\n\n\n<div id=\"wp-block-themeisle-blocks-advanced-columns-7bcb7956\" class=\"wp-block-themeisle-blocks-advanced-columns has-1-columns has-desktop-twoOne-layout has-tablet-equal-layout has-mobile-collapsedRows-layout has-vertical-center\"><div class=\"wp-block-themeisle-blocks-advanced-columns-overlay\"><\/div><div class=\"innerblocks-wrap\">\n<div id=\"wp-block-themeisle-blocks-advanced-column-550dbe9e\" class=\"wp-block-themeisle-blocks-advanced-column\">\n<figure class=\"wp-block-gallery has-nested-images columns-default is-cropped wp-block-gallery-1 is-layout-flex wp-block-gallery-is-layout-flex\">\n<figure class=\"wp-block-image size-full has-custom-border\"><img loading=\"lazy\" decoding=\"async\" width=\"768\" height=\"512\" data-id=\"3445\" src=\"https:\/\/snm-online.sk\/wp-content\/uploads\/2025\/04\/001-slavnostne-04.jpg\" alt=\"\" class=\"wp-image-3445\" style=\"border-radius:8px\" srcset=\"https:\/\/snm-online.sk\/wp-content\/uploads\/2025\/04\/001-slavnostne-04.jpg 768w, https:\/\/snm-online.sk\/wp-content\/uploads\/2025\/04\/001-slavnostne-04-300x200.jpg 300w\" sizes=\"auto, (max-width: 768px) 100vw, 768px\" \/><\/figure>\n\n\n\n<figure class=\"wp-block-image size-full has-custom-border\"><img loading=\"lazy\" decoding=\"async\" width=\"768\" height=\"512\" data-id=\"3157\" src=\"https:\/\/snm-online.sk\/wp-content\/uploads\/2025\/02\/Bratislavsky-hrad-expozicie.jpg\" alt=\"\" class=\"wp-image-3157\" style=\"border-radius:8px\" srcset=\"https:\/\/snm-online.sk\/wp-content\/uploads\/2025\/02\/Bratislavsky-hrad-expozicie.jpg 768w, https:\/\/snm-online.sk\/wp-content\/uploads\/2025\/02\/Bratislavsky-hrad-expozicie-300x200.jpg 300w\" sizes=\"auto, (max-width: 768px) 100vw, 768px\" \/><\/figure>\n<\/figure>\n<\/div>\n<\/div><\/div>\n\n\n\n<div style=\"height:30px\" aria-hidden=\"true\" class=\"wp-block-spacer\"><\/div>\n\n\n\n<p><strong>Please choose from the listed dates:<br><\/strong>Online n\u00e1kup je mo\u017en\u00fd mesiac pred n\u00e1v\u0161tevou \/ Online tickets are available one month before your visit.<\/p>\n\n\n\r\n<section class=\"mb-4\">\r\n    <nav class=\"wper-days\">\r\n                    <span class=\"wper-days__item js-wper-change-day active\" data-date=\"2026-04-25\">\r\n                <span class=\"long\">Today<\/span>\r\n                <span class=\"short\">Today<\/span>\r\n            <\/span>\r\n                    <span class=\"wper-days__item js-wper-change-day\" data-date=\"2026-04-26\">\r\n                <span class=\"long\">Tomorrow<\/span>\r\n                <span class=\"short\">Tomorrow<\/span>\r\n            <\/span>\r\n                    <span class=\"wper-days__item js-wper-change-day\" data-date=\"2026-04-27\">\r\n                <span class=\"long\">Monday 27.4.<\/span>\r\n                <span class=\"short\">Mon 27.4.<\/span>\r\n            <\/span>\r\n                    <span class=\"wper-days__item js-wper-change-day\" data-date=\"2026-04-28\">\r\n                <span class=\"long\">Tuesday 28.4.<\/span>\r\n                <span class=\"short\">Tue 28.4.<\/span>\r\n            <\/span>\r\n                    <span class=\"wper-days__item js-wper-change-day\" data-date=\"2026-04-29\">\r\n                <span class=\"long\">Wednesday 29.4.<\/span>\r\n                <span class=\"short\">Wed 29.4.<\/span>\r\n            <\/span>\r\n                    <span class=\"wper-days__item js-wper-change-day\" data-date=\"2026-04-30\">\r\n                <span class=\"long\">Thursday 30.4.<\/span>\r\n                <span class=\"short\">Thu 30.4.<\/span>\r\n            <\/span>\r\n                    <span class=\"wper-days__item js-wper-change-day\" data-date=\"2026-05-01\">\r\n                <span class=\"long\">Friday 1.5.<\/span>\r\n                <span class=\"short\">Fri 1.5.<\/span>\r\n            <\/span>\r\n        \r\n                    <div class=\"wper-days__ite\">\r\n                <input type=\"text\" id=\"wperDatepickerInput\" class=\"wper-datepicker-input\" placeholder=\"Other date\" data-min-date=\"2026-04-25\"  readonly>\r\n            <\/div>\r\n            <\/nav>\r\n\r\n    \r\n    <ul id=\"wperItems\" class=\"wper-list\">\r\n            <li class=\"wper-item\">\r\n        <div class=\"wper-item__content\">\r\n            <div>\r\n                <strong>Prehliadka - HRAD<\/strong><br>Today \u00b7 10:00 - 18:00            <\/div>\r\n\r\n            <div class=\"wper-item__meta\">\r\n                            <\/div>\r\n        <\/div>\r\n\r\n                    <span>\r\n                                    <a href=\"https:\/\/shop.snm.entradio.sk\/tourTimeSlot\/129470?gatewayButtonTarget=_top&theme=bronzeBrown&localeCode=en\" class=\"wper-button js-wper-show-modal\" target=\"_blank\">\r\n                        <svg width=\"16\" height=\"16\" viewbox=\"0 0 16 16\" fill=\"none\" class=\"svg\" xmlns=\"http:\/\/www.w3.org\/2000\/svg\"><path d=\"M5.25 12.5C4.425 12.5 3.7575 13.175 3.7575 14C3.7575 14.825 4.425 15.5 5.25 15.5C6.075 15.5 6.75 14.825 6.75 14C6.75 13.175 6.075 12.5 5.25 12.5ZM0.75 0.5V2H2.25L4.95 7.6925L3.9375 9.53C3.8175 9.74 3.75 9.9875 3.75 10.25C3.75 11.075 4.425 11.75 5.25 11.75H14.25V10.25H5.565C5.46 10.25 5.3775 10.1675 5.3775 10.0625L5.4 9.9725L6.075 8.75H11.6625C12.225 8.75 12.72 8.4425 12.975 7.9775L15.66 3.11C15.72 3.005 15.75 2.8775 15.75 2.75C15.75 2.3375 15.4125 2 15 2H3.9075L3.2025 0.5H0.75ZM12.75 12.5C11.925 12.5 11.2575 13.175 11.2575 14C11.2575 14.825 11.925 15.5 12.75 15.5C13.575 15.5 14.25 14.825 14.25 14C14.25 13.175 13.575 12.5 12.75 12.5Z\" fill=\"currentColor\"\/><\/svg> <span>Tickets<\/span>\r\n                    <\/a>\r\n                            <\/span>\r\n            <\/li>\r\n    <\/ul>\r\n<\/section>\r\n\r\n<div class=\"wper-modal\">\r\n    <div class=\"wper-modal__inner\">\r\n        <div class=\"wper-modal__header\">\r\n            <button type=\"button\" class=\"wper-modal__close js-wper-close-modal\">\r\n                <svg width=\"16\" height=\"16\" viewbox=\"0 0 16 16\" fill=\"none\" class=\"svg\" xmlns=\"http:\/\/www.w3.org\/2000\/svg\"><path d=\"M16 7H3.83L9.42 1.41L8 0L0 8L8 16L9.41 14.59L3.83 9H16V7Z\" fill=\"currentColor\"\/><\/svg> <span>Continue shopping<\/span>\r\n            <\/button>\r\n        <\/div>\r\n\r\n        <iframe src=\"\" frameborder=\"0\" class=\"wper-modal__iframe\"><\/iframe>\r\n    <\/div>\r\n<\/div>\r\n\r\n<div class=\"wper-note\">\r\n    <div class=\"wper-note__inner\">\r\n        <div id=\"wperNoteRetail\" class=\"wper-note__content\">\r\n            <h5 class=\"wper-note__title\">Last tickets available only at the museum ticket office.<\/h5>\r\n\r\n            <p>We are sorry, but due to high interest, all tickets reserved for online sales are sold out.<\/p>\r\n\r\n            <p>Last few tickets are available at the castle ticket office. We recommend you visit the ticket office as soon as possible, as tickets sell out quickly.<\/p>\r\n        <\/div>\r\n\r\n        <div id=\"wperNoteSold\" class=\"wper-note__content\">\r\n            <h5 class=\"wper-note__title\">Tickets for this time slot are sold out.<\/h5>\r\n\r\n            <p>We are sorry, but due to high interest, all tickets for this tour are sold out. No tickets are available for this time slot at the castle ticket office either.<\/p>\r\n\r\n            <p>Please try to select another time slot within the day or consider visiting on a different day. We recommend monitoring our website for availability of tickets for individual tours and events.<\/p>\r\n\r\n            <p>Given the high attendance, we advise purchasing tickets well in advance online.<\/p>\r\n        <\/div>\r\n\r\n        <div class=\"wper-note__actions\">\r\n            <button type=\"submit\" class=\"wper-note__close js-wper-close-note\">Got it<\/button>\r\n        <\/div>\r\n    <\/div>\r\n<\/div>\r\n\n\n\n\n<p><strong>Offer for schools:<\/strong><\/p>\n\n\n\n<p>School groups, from preschool through college, can take advantage of special discounted admission (\u20ac3 per student), which includes discounted admission for accompanying teachers. These tickets are available at the ticket office. School groups can also book a guided tour (at least 7 days in advance).<\/p>\n\n\n\n<p> <a href=\"https:\/\/www.snm.sk\/muzea-snm\/historicke-muzeum\/historicke-muzeum\/spoznavajte\/skoly?clanok=ponuka-vzdelavacich-programov-na-skolsky-rok-2024-2025#menu\">You can find the complete selection here.<\/a><\/p>\n\n\n\n<p><strong>SNM - Museum of History<\/strong> It is an important part of the Slovak National Museum\u2019s network of specialized museums. Its primary mission is the systematic acquisition, preservation, scientific and professional cataloging, utilization, and public presentation of museum collections documenting the development of society in Slovakia from the Middle Ages to the present. In this context of museum specialization, it operates nationwide. It also builds, manages, and catalogs a numismatic collection spanning from the earliest times to the present, as well as collections documenting the history and ethnocultural development of Slovaks abroad. The Historical Museum preserves a rich collection of artifacts.<\/p>\n\n\n\n<p><strong>The Historical Museum is located at Bratislava Castle.<\/strong><\/p>\n\n\n\n<div class=\"wp-block-essential-blocks-accordion  root-eb-accordion-jultj\"><div class=\"eb-parent-wrapper eb-parent-eb-accordion-jultj\"><div class=\"eb-accordion-container eb-accordion-jultj\" data-accordion-type=\"accordion\" data-tab-icon=\"fas fa-angle-right\" data-expanded-icon=\"fas fa-angle-down\" data-transition-duration=\"500\"><div class=\"eb-accordion-inner\">\n<div class=\"wp-block-essential-blocks-accordion-item eb-accordion-item-fisgq eb-accordion-wrapper\" data-clickable=\"false\"><div class=\"eb-accordion-title-wrapper eb-accordion-title-wrapper-eb-accordion-jultj\" tabindex=\"0\"><span class=\"eb-accordion-icon-wrapper eb-accordion-icon-wrapper-eb-accordion-jultj\"><i icon=\"fas fa-angle-right\" class=\"fas fa-angle-right eb-accordion-icon\"><\/i><\/span><div class=\"eb-accordion-title-content-wrap title-content-eb-accordion-jultj\"><h3 class=\"eb-accordion-title\">Opening hours<\/h3><\/div><\/div><div class=\"eb-accordion-content-wrapper eb-accordion-content-wrapper-eb-accordion-jultj\"><div class=\"eb-accordion-content\">\n<p class=\"has-neve-text-color-color has-text-color has-link-color wp-elements-1ca67125a77d4bfedf9005576f7a1168\"><strong>Museum of History<\/strong><\/p>\n\n\n\n<p class=\"has-neve-text-color-color has-text-color has-link-color wp-elements-f3b97bca7d970e6f435a0a2ebe14de38\">Open daily except Tuesdays from 10:00 a.m. to 6:00 p.m.; last admission at 5:00 p.m.<\/p>\n\n\n\n<p class=\"has-neve-text-color-color has-text-color has-link-color wp-elements-2470ba8eaf5f6f84857ef14780715a8e\">The exhibitions at Bratislava Castle are open from Wednesday through Monday (inclusive); they are closed on Tuesdays.<\/p>\n\n\n\n<p class=\"has-neve-text-color-color has-text-color has-link-color wp-elements-6d0f818d09b3077c4af76829bd9d93fa\">The Bratislava Castle grounds are open daily from 8:00 a.m. to 10:00 p.m.<\/p>\n\n\n\n<p class=\"has-neve-text-color-color has-text-color has-link-color wp-elements-7c4f1136dc570aa219609788ada0370d\"><strong>Baroque Garden<\/strong><\/p>\n\n\n\n<p class=\"has-neve-text-color-color has-text-color has-link-color wp-elements-8358b3ea824dc47901b7f86de2ff64a2\">January, February, November, December 9:00 a.m. \u2013 4:00 p.m.<\/p>\n\n\n\n<p class=\"has-neve-text-color-color has-text-color has-link-color wp-elements-495ad75a22c589d9212281354c515860\">March, October 9:00 a.m. \u2013 5:00 p.m.<\/p>\n\n\n\n<p class=\"has-neve-text-color-color has-text-color has-link-color wp-elements-03bddc248acfcbe4324849417e2d5371\">April, September 9:00 a.m. \u2013 6:00 p.m.<\/p>\n\n\n\n<p class=\"has-neve-text-color-color has-text-color has-link-color wp-elements-f1389326d277bbad7f8226ca33683ac1\">May, August   9:00 a.m. \u2013 8:00 p.m.<\/p>\n\n\n\n<p class=\"has-neve-text-color-color has-text-color has-link-color wp-elements-deb60b820c6827d270416b9d0a646c26\">J\u00fan, J\u00fal 9.00 &#8211; 21.00 h<\/p>\n<\/div><\/div><\/div>\n\n\n\n<div class=\"wp-block-essential-blocks-accordion-item eb-accordion-item-z3m0d eb-accordion-wrapper\" data-clickable=\"false\"><div class=\"eb-accordion-title-wrapper eb-accordion-title-wrapper-eb-accordion-jultj\" tabindex=\"0\"><span class=\"eb-accordion-icon-wrapper eb-accordion-icon-wrapper-eb-accordion-jultj\"><i icon=\"fas fa-angle-right\" class=\"fas fa-angle-right eb-accordion-icon\"><\/i><\/span><div class=\"eb-accordion-title-content-wrap title-content-eb-accordion-jultj\"><h3 class=\"eb-accordion-title\">Contact<\/h3><\/div><\/div><div class=\"eb-accordion-content-wrapper eb-accordion-content-wrapper-eb-accordion-jultj\"><div class=\"eb-accordion-content\">\n<h6 class=\"wp-block-heading has-neve-text-color-color has-text-color has-link-color wp-elements-41ae0b7f66470ba61fa11e72f802bc07\"><strong>Museum location<\/strong><\/h6>\n\n\n\n<p class=\"has-neve-text-color-color has-text-color has-link-color wp-elements-affa5939e3425c9c3fdae659b654660e\">SNM - Museum of History<br>Museum of History<br>P. O. Box 13<br>810 06 Bratislava 16&nbsp;<\/p>\n\n\n\n<h6 class=\"wp-block-heading has-neve-text-color-color has-text-color has-link-color wp-elements-618978208009879b7fd75ff62dad5c18\"><strong>Contact<\/strong><\/h6>\n\n\n\n<p class=\"has-neve-text-color-color has-text-color has-link-color wp-elements-3992335715f3ceb1edc3e91a736dd46d\">SNM - Museum of History, Bratislava Castle&nbsp;<br>email:&nbsp;&nbsp;&nbsp;<a href=\"mailto:bratislavskyhrad@snm.sk\">bratislavskyhrad@snm.sk<br><\/a>phone:\u00a0+421 2 204 83 110,\u00a0+421 915 99 33 01, +421 915 99 33 03<\/p>\n<\/div><\/div><\/div>\n\n\n\n<div class=\"wp-block-essential-blocks-accordion-item eb-accordion-item-1j8n6 eb-accordion-wrapper\" data-clickable=\"false\"><div class=\"eb-accordion-title-wrapper eb-accordion-title-wrapper-eb-accordion-jultj\" tabindex=\"0\"><span class=\"eb-accordion-icon-wrapper eb-accordion-icon-wrapper-eb-accordion-jultj\"><i icon=\"fas fa-angle-right\" class=\"fas fa-angle-right eb-accordion-icon\"><\/i><\/span><div class=\"eb-accordion-title-content-wrap title-content-eb-accordion-jultj\"><h3 class=\"eb-accordion-title\">Information for Visitors<\/h3><\/div><\/div><div class=\"eb-accordion-content-wrapper eb-accordion-content-wrapper-eb-accordion-jultj\"><div class=\"eb-accordion-content\">\n<h6 class=\"wp-block-heading has-neve-text-color-color has-text-color has-link-color wp-elements-baa4029e142f7d3bc8684f9283f1d157\"><strong>Access to the building for people with disabilities<\/strong><\/h6>\n\n\n\n<p class=\"has-neve-text-color-color has-text-color has-link-color wp-elements-ba5ec7d5c6a97cbe7a661f3084630001\">The side entrance to the museum is equipped with wheelchair-accessible facilities; the museum ticket office will direct you there. There is also a wheelchair-accessible restroom at the castle.&nbsp;<\/p>\n\n\n\n<h6 class=\"wp-block-heading has-neve-text-color-color has-text-color has-link-color wp-elements-82d492dcf4a5477a900ce7b020e32895\"><strong>Contact&nbsp;<\/strong><\/h6>\n\n\n\n<p class=\"has-neve-text-color-color has-text-color has-link-color wp-elements-792d2e45d5b110879e545408fe5128c2\">Department of Communications and Education&nbsp;<br>email:&nbsp;&nbsp;<a href=\"mailto:bratislavskyhrad@snm.sk\">bratislavskyhrad@snm.sk<\/a>&nbsp;<br>phone:\u00a0 +421 2 204 83 104&nbsp;<br>mobile:  +421 915 993 301, 915 993 303&nbsp;<\/p>\n\n\n\n<p class=\"has-neve-text-color-color has-text-color has-link-color wp-elements-5b803cc48ea12c4d89c546edb5540bc0\"><strong>Muzeum shop&nbsp;<\/strong><br>e-mail: slavomir.pjatek@snm.sk&nbsp;<br>phone: +421 2 204 83 126<br>mobile: +421 917330623&nbsp;<\/p>\n\n\n\n<p class=\"has-neve-text-color-color has-text-color has-link-color wp-elements-e9f25240833dfa74d3fae615597019a2\"><strong>Tickets office<\/strong>&nbsp;<br>phone: +421 2 204 83 122&nbsp;<\/p>\n\n\n\n<h6 class=\"wp-block-heading has-neve-text-color-color has-text-color has-link-color wp-elements-622175e33bba2f03bff23f28923bafd6\"><strong>How do you get here?<\/strong><\/h6>\n\n\n\n<p class=\"has-neve-text-color-color has-text-color has-link-color wp-elements-9f5a05ebfb0dba3ab48a987dd68ec1b1\">By public transportation: from Hod\u017eovo Square \u2013 take trolleybuses 44 or 47 to the Hrad or Z\u00e1mock\u00e1 stop.&nbsp;<br>On foot from the Old Town: along Z\u00e1mock\u00e1 Street, or from under the SNP Bridge via the Castle Steps.&nbsp;<br>By car: parking in the underground garage, entrance from Palis\u00e1dy Street. Rates: \u20ac3\/hour; visitors to the SNM \u2013 Historical Museum receive a 50% discount for up to 3 hours (parking card must be presented at the museum ticket office).<\/p>\n<\/div><\/div><\/div>\n<\/div><\/div><\/div><\/div>\n\n\n\n<div style=\"height:100px\" aria-hidden=\"true\" class=\"wp-block-spacer\"><\/div>\n\n\n\n<p><strong>If you have any questions about online tickets, please contact us at&nbsp;<a href=\"mailto:pomoc@snm-online.sk\">pomoc@snm-online.sk<\/a><\/strong><\/p>\n\n\n\n<div style=\"height:100px\" aria-hidden=\"true\" class=\"wp-block-spacer\"><\/div>\n\n\n\n<p><\/p>","protected":false},"excerpt":{"rendered":"<p>Slovensk\u00e9 n\u00e1rodn\u00e9 m\u00fazeum &#8211; Historick\u00e9 m\u00fazeum Objavujte dejiny Slovenska a Bratislavsk\u00e9ho hradu v SNM \u2013 Historickom m\u00fazeu. Kelti z Bratislavy v podzem\u00ed, Dejiny hradu na pr\u00edzem\u00ed, Sl\u00e1vnostn\u00e9 schodisko, Severn\u00e9 reprezenta\u010dn\u00e9&hellip;&nbsp;<a href=\"https:\/\/snm-online.sk\/en\/bratislavsky-hrad-prehliadka\/\" class=\"\" rel=\"bookmark\">Read More &raquo;<span class=\"screen-reader-text\">The interior of Bratislava Castle and the Northern Walls<\/span><\/a><\/p>","protected":false},"author":2,"featured_media":0,"parent":0,"menu_order":0,"comment_status":"closed","ping_status":"closed","template":"","meta":{"_eb_attr":"","neve_meta_sidebar":"","neve_meta_container":"","neve_meta_enable_content_width":"","neve_meta_content_width":0,"neve_meta_title_alignment":"","neve_meta_author_avatar":"","neve_post_elements_order":"","neve_meta_disable_header":"","neve_meta_disable_footer":"","neve_meta_disable_title":"","_themeisle_gutenberg_block_has_review":false,"footnotes":""},"class_list":["post-602","page","type-page","status-publish","hentry"],"_links":{"self":[{"href":"https:\/\/snm-online.sk\/en\/wp-json\/wp\/v2\/pages\/602","targetHints":{"allow":["GET"]}}],"collection":[{"href":"https:\/\/snm-online.sk\/en\/wp-json\/wp\/v2\/pages"}],"about":[{"href":"https:\/\/snm-online.sk\/en\/wp-json\/wp\/v2\/types\/page"}],"author":[{"embeddable":true,"href":"https:\/\/snm-online.sk\/en\/wp-json\/wp\/v2\/users\/2"}],"replies":[{"embeddable":true,"href":"https:\/\/snm-online.sk\/en\/wp-json\/wp\/v2\/comments?post=602"}],"version-history":[{"count":21,"href":"https:\/\/snm-online.sk\/en\/wp-json\/wp\/v2\/pages\/602\/revisions"}],"predecessor-version":[{"id":5141,"href":"https:\/\/snm-online.sk\/en\/wp-json\/wp\/v2\/pages\/602\/revisions\/5141"}],"wp:attachment":[{"href":"https:\/\/snm-online.sk\/en\/wp-json\/wp\/v2\/media?parent=602"}],"curies":[{"name":"wp","href":"https:\/\/api.w.org\/{rel}","templated":true}]}}