{"id":703,"date":"2024-05-14T15:57:04","date_gmt":"2024-05-14T13:57:04","guid":{"rendered":"https:\/\/snm-online.sk\/?page_id=703"},"modified":"2024-08-07T08:50:06","modified_gmt":"2024-08-07T06:50:06","slug":"tajomne-noci-so-zivymi-sochami","status":"publish","type":"page","link":"https:\/\/snm-online.sk\/en\/tajomne-noci-so-zivymi-sochami\/","title":{"rendered":"Tajomn\u00e9 noci so \u017eiv\u00fdmi sochami"},"content":{"rendered":"<div class=\"wp-block-image\">\n<figure class=\"aligncenter size-large\"><img loading=\"lazy\" decoding=\"async\" width=\"1024\" height=\"312\" src=\"https:\/\/snm-online.sk\/wp-content\/uploads\/2024\/05\/341050775_621754742757863_3063317090293790976_n-1-1024x312.jpg\" alt=\"\" class=\"wp-image-727\" srcset=\"https:\/\/snm-online.sk\/wp-content\/uploads\/2024\/05\/341050775_621754742757863_3063317090293790976_n-1-1024x312.jpg 1024w, https:\/\/snm-online.sk\/wp-content\/uploads\/2024\/05\/341050775_621754742757863_3063317090293790976_n-1-300x91.jpg 300w, https:\/\/snm-online.sk\/wp-content\/uploads\/2024\/05\/341050775_621754742757863_3063317090293790976_n-1-768x234.jpg 768w, https:\/\/snm-online.sk\/wp-content\/uploads\/2024\/05\/341050775_621754742757863_3063317090293790976_n-1.jpg 1170w\" sizes=\"auto, (max-width: 1024px) 100vw, 1024px\" \/><\/figure>\n<\/div>\n\n\n<p><\/p>\n\n\n\n<p><strong>Vyberte si pros\u00edm z ponuky d\u00e1tumov a term\u00ednov prehliadok:<\/strong><\/p>\n\n\n\r\n<section class=\"mb-4\">\r\n    <nav class=\"wper-days\">\r\n        \r\n            <\/nav>\r\n\r\n    \r\n    <ul id=\"wperItems\" class=\"wper-list\">\r\n        Sorry, this date is not available.    <\/ul>\r\n<\/section>\r\n\r\n<div class=\"wper-modal\">\r\n    <div class=\"wper-modal__inner\">\r\n        <div class=\"wper-modal__header\">\r\n            <button type=\"button\" class=\"wper-modal__close js-wper-close-modal\">\r\n                <svg width=\"16\" height=\"16\" viewBox=\"0 0 16 16\" fill=\"none\" class=\"svg\" xmlns=\"http:\/\/www.w3.org\/2000\/svg\"><path d=\"M16 7H3.83L9.42 1.41L8 0L0 8L8 16L9.41 14.59L3.83 9H16V7Z\" fill=\"currentColor\"\/><\/svg> <span>Continue shopping<\/span>\r\n            <\/button>\r\n        <\/div>\r\n\r\n        <iframe src=\"\" frameborder=\"0\" class=\"wper-modal__iframe\"><\/iframe>\r\n    <\/div>\r\n<\/div>\r\n\r\n<div class=\"wper-note\">\r\n    <div class=\"wper-note__inner\">\r\n        <div id=\"wperNoteRetail\" class=\"wper-note__content\">\r\n            <h5 class=\"wper-note__title\">Last tickets available only at the museum ticket office.<\/h5>\r\n\r\n            <p>We are sorry, but due to high interest, all tickets reserved for online sales are sold out.<\/p>\r\n\r\n            <p>Last few tickets are available at the castle ticket office. We recommend you visit the ticket office as soon as possible, as tickets sell out quickly.<\/p>\r\n        <\/div>\r\n\r\n        <div id=\"wperNoteSold\" class=\"wper-note__content\">\r\n            <h5 class=\"wper-note__title\">Tickets for this time slot are sold out.<\/h5>\r\n\r\n            <p>We are sorry, but due to high interest, all tickets for this tour are sold out. No tickets are available for this time slot at the castle ticket office either.<\/p>\r\n\r\n            <p>Please try to select another time slot within the day or consider visiting on a different day. We recommend monitoring our website for availability of tickets for individual tours and events.<\/p>\r\n\r\n            <p>Given the high attendance, we advise purchasing tickets well in advance online.<\/p>\r\n        <\/div>\r\n\r\n        <div class=\"wper-note__actions\">\r\n            <button type=\"submit\" class=\"wper-note__close js-wper-close-note\">Got it<\/button>\r\n        <\/div>\r\n    <\/div>\r\n<\/div>\r\n\n\n\n\n<p class=\"has-medium-font-size\"><strong>Spi\u0161sk\u00fd hrad<\/strong><\/p>\n\n\n\n<p>Spi\u0161sk\u00fd hrad je unik\u00e1tny pr\u00edklad v\u00fdvoja hradnej architekt\u00fary nielen na Spi\u0161i, ale aj v celoslovenskom a eur\u00f3pskom kontexte. Jeho plo\u0161ne rozsiahla rom\u00e1nska dispoz\u00edcia z 13. storo\u010dia je dokladom obrannej a obytnej funkcie hradu s opevnen\u00fdm hradn\u00fdm jadrom (akropolou), rom\u00e1nskym predhrad\u00edm, ref\u00fagiom a dochovan\u00fdmi typologick\u00fdmi stavebn\u00fdmi druhmi, ako s\u00fa obrann\u00e9 ve\u017ee, obytn\u00fd kr\u00e1\u013eovsk\u00fd pal\u00e1c, cisterna, vstupn\u00e9 br\u00e1ny (ve\u017ee). T\u00e1to podoba sa vo v\u00fdraznej miere zachovala jasne \u010ditate\u013en\u00e1 dodnes. Podobne aj v\u0161etky \u010fal\u0161ie slohov\u00e9 prestavby s\u00fa dokladom stavebn\u00e9ho v\u00fdvoja hradu a premien jeho funkcie, spo\u010diatku ako kr\u00e1\u013eovsk\u00e9ho s\u00eddla a nesk\u00f4r ako \u0161\u013eachtickej rezidencie.<\/p>\n\n\n\n<details class=\"wp-block-details is-layout-flow wp-block-details-is-layout-flow\" style=\"font-size:18px\"><summary>Otv\u00e1racie hodiny<\/summary>\n<p><strong>M\u00e1j \u2013 september<\/strong><br>Denne: 09.00 \u2013 19.00 h, posledn\u00fd vstup do hradu o 18.00 h<br><strong>Okt\u00f3ber a apr\u00edl<\/strong><br>Denne: 09.00 \u2013 17.00 h, posledn\u00fd vstup o 16.00 h<br><strong>November<\/strong><br>Otvoren\u00e9 do odvolania: 9.00 \u2013 16.00 h, posledn\u00fd vstup pre n\u00e1v\u0161tevn\u00edkov je o 15.00 h<br><strong>December \u2013 marec<\/strong><br>Spi\u0161sk\u00fd hrad zatvoren\u00fd.<\/p>\n<\/details>\n\n\n\n<details class=\"wp-block-details is-layout-flow wp-block-details-is-layout-flow\" style=\"font-size:18px\"><summary>Kontakt<\/summary>\n<p>e-mail: info@spisskemuzeum.com<br>telef\u00f3n: +421 53 454 13 36<\/p>\n<\/details>\n\n\n\n<details class=\"wp-block-details is-layout-flow wp-block-details-is-layout-flow\" style=\"font-size:18px\"><summary>Kde n\u00e1s n\u00e1jdete<\/summary>\n<p><\/p>\n\n\n<div style=\"height:400pxpx;\" class=\"wp-block-themeisle-blocks-leaflet-map\" id=\"wp-block-themeisle-blocks-google-map-b86020f4\"><\/div>\n<script type=\"text\/javascript\">\n\t\/* <![CDATA[ *\/\n\t\tif ( ! window.themeisleLeafletMaps ) window.themeisleLeafletMaps =[];\n\t\twindow.themeisleLeafletMaps.push( { container: \"wp-block-themeisle-blocks-google-map-b86020f4\", attributes: {\"id\":\"wp-block-themeisle-blocks-google-map-b86020f4\",\"location\":\"Spi\\u0161sk\\u00fd hrad\",\"latitude\":\"48.99943669650627\",\"longitude\":\"20.76802253723145\",\"bbox\":\"20.75546979904175,48.996621085177544,20.780575275421146,49.002252148677705\",\"zoom\":16,\"markers\":[{\"id\":\"af0ad183-0630-45e3-ba3e-075c6949eb0d\",\"latitude\":48.99956339527387427779103745706379413604736328125,\"longitude\":20.768001079559329724588678800500929355621337890625,\"title\":\"Spi\\u0161sk\\u00fd hrad\",\"description\":\"\",\"location\":\"Spi\\u0161sk\\u00fd hrad\"}],\"height\":\"400px\",\"zoomControl\":true,\"draggable\":true,\"hasCustomCSS\":false,\"customCSS\":\"\",\"TrpContentRestriction\":{\"restriction_type\":\"exclude\",\"selected_languages\":[],\"panel_open\":true},\"otterConditions\":[]} } );\n\t\/* ]]> *\/\n<\/script>\n<\/details>\n\n\n\n<div style=\"height:51px\" aria-hidden=\"true\" class=\"wp-block-spacer\"><\/div>\n\n\n\n<h6 class=\"wp-block-heading\">V pr\u00edpade ot\u00e1zok t\u00fdkaj\u00facich sa online n\u00e1kupu vstupeniek n\u00e1s kontaktujte na email <a href=\"mailto:pomoc@snm-online.sk\">pomoc@snm-online.sk<\/a><\/h6>\n\n\n\n<div style=\"height:112px\" aria-hidden=\"true\" class=\"wp-block-spacer\"><\/div>\n","protected":false},"excerpt":{"rendered":"<p>Vyberte si pros\u00edm z ponuky d\u00e1tumov a term\u00ednov prehliadok: Spi\u0161sk\u00fd hrad Spi\u0161sk\u00fd hrad je unik\u00e1tny pr\u00edklad v\u00fdvoja hradnej architekt\u00fary nielen na Spi\u0161i, ale aj v celoslovenskom a eur\u00f3pskom kontexte. Jeho&hellip;&nbsp;<a href=\"https:\/\/snm-online.sk\/en\/tajomne-noci-so-zivymi-sochami\/\" class=\"\" rel=\"bookmark\">Read More &raquo;<span class=\"screen-reader-text\">Tajomn\u00e9 noci so \u017eiv\u00fdmi sochami<\/span><\/a><\/p>","protected":false},"author":2,"featured_media":0,"parent":0,"menu_order":0,"comment_status":"closed","ping_status":"closed","template":"","meta":{"_eb_attr":"","neve_meta_sidebar":"","neve_meta_container":"","neve_meta_enable_content_width":"","neve_meta_content_width":0,"neve_meta_title_alignment":"","neve_meta_author_avatar":"","neve_post_elements_order":"","neve_meta_disable_header":"","neve_meta_disable_footer":"","neve_meta_disable_title":"","_themeisle_gutenberg_block_has_review":false,"footnotes":""},"class_list":["post-703","page","type-page","status-publish","hentry"],"_links":{"self":[{"href":"https:\/\/snm-online.sk\/en\/wp-json\/wp\/v2\/pages\/703","targetHints":{"allow":["GET"]}}],"collection":[{"href":"https:\/\/snm-online.sk\/en\/wp-json\/wp\/v2\/pages"}],"about":[{"href":"https:\/\/snm-online.sk\/en\/wp-json\/wp\/v2\/types\/page"}],"author":[{"embeddable":true,"href":"https:\/\/snm-online.sk\/en\/wp-json\/wp\/v2\/users\/2"}],"replies":[{"embeddable":true,"href":"https:\/\/snm-online.sk\/en\/wp-json\/wp\/v2\/comments?post=703"}],"version-history":[{"count":13,"href":"https:\/\/snm-online.sk\/en\/wp-json\/wp\/v2\/pages\/703\/revisions"}],"predecessor-version":[{"id":950,"href":"https:\/\/snm-online.sk\/en\/wp-json\/wp\/v2\/pages\/703\/revisions\/950"}],"wp:attachment":[{"href":"https:\/\/snm-online.sk\/en\/wp-json\/wp\/v2\/media?parent=703"}],"curies":[{"name":"wp","href":"https:\/\/api.w.org\/{rel}","templated":true}]}}